{"id":13,"date":"2022-09-16T07:55:41","date_gmt":"2022-09-16T07:55:41","guid":{"rendered":"https:\/\/optimized63241cc15f0e8.cloud.bunnyroute.com\/?page_id=13"},"modified":"2022-12-21T10:41:47","modified_gmt":"2022-12-21T10:41:47","slug":"strategie-online","status":"publish","type":"page","link":"http:\/\/optimized63241cc15f0e8.cloud.bunnyroute.com\/en\/strategie-online\/","title":{"rendered":"Online Strategy"},"content":{"rendered":"<div class=\"wp-block-group full-width-container strategie-container is-layout-flow wp-block-group-is-layout-flow\">\n<figure class=\"wp-block-image size-full orange-elipse\"><img loading=\"lazy\" decoding=\"async\" width=\"182\" height=\"265\" src=\"https:\/\/optimized63241cc15f0e8.cloud.bunnyroute.com\/wp-content\/uploads\/2022\/10\/Ellipse-22-1.png\" alt=\"\" class=\"wp-image-493\"\/><\/figure>\n\n\n\n<div class=\"wp-block-columns strategie-columns is-layout-flex wp-container-core-columns-is-layout-28f84493 wp-block-columns-is-layout-flex\">\n<div class=\"wp-block-column is-layout-flow wp-block-column-is-layout-flow\">\n<div class=\"wp-block-group strategie-group is-layout-flow wp-block-group-is-layout-flow\">\n<p class=\"cover-big-title\">Online Strategy<\/p>\n\n\n\n<p class=\"strategie-second-p\">What does the Optimized strategy entail?<\/p>\n\n\n\n<p class=\"strategie-basic-info\">A business strategy is not complete if it does not include a well-developed online strategy.<\/p>\n\n\n\n<p class=\"strategie-basic-info translation-block\">In order to have the desired results, an <strong>online strategy <\/strong>must always be <strong>personalized<\/strong> and <strong>perfectly adapted to the company\u2019s objectives.<\/strong><\/p>\n\n\n\n<p class=\"strategie-basic-info\">In addition, it has to chart an upward direction in terms of brand visibility and lead to increased online sales without straying from the macro strategy.<\/p>\n\n\n\n<div class=\"wp-block-buttons is-layout-flex wp-block-buttons-is-layout-flex\">\n<div class=\"wp-block-button white-box-button optimized-button\"><a class=\"wp-block-button__link wp-element-button\" href=\"http:\/\/optimized63241cc15f0e8.cloud.bunnyroute.com\/en\/contact\/\">FIND OUT MORE<\/a><\/div>\n<\/div>\n<\/div>\n<\/div>\n\n\n\n<div class=\"wp-block-column strategie-img-column animated fadeIn is-layout-flow wp-block-column-is-layout-flow\">\n<figure class=\"wp-block-image size-full\"><img loading=\"lazy\" decoding=\"async\" width=\"651\" height=\"877\" src=\"http:\/\/optimized63241cc15f0e8.cloud.bunnyroute.com\/wp-content\/uploads\/2022\/12\/Rectangle-78-7.png\" alt=\"\" class=\"wp-image-2032\" srcset=\"http:\/\/optimized63241cc15f0e8.cloud.bunnyroute.com\/wp-content\/uploads\/2022\/12\/Rectangle-78-7.png 651w, http:\/\/optimized63241cc15f0e8.cloud.bunnyroute.com\/wp-content\/uploads\/2022\/12\/Rectangle-78-7-223x300.png 223w, http:\/\/optimized63241cc15f0e8.cloud.bunnyroute.com\/wp-content\/uploads\/2022\/12\/Rectangle-78-7-9x12.png 9w\" sizes=\"auto, (max-width: 651px) 100vw, 651px\" \/><\/figure>\n<\/div>\n<\/div>\n<\/div>\n\n\n\n<div class=\"wp-block-group etape-container basic-container is-layout-flow wp-block-group-is-layout-flow\">\n<div class=\"wp-block-columns etapizare-columns is-layout-flex wp-container-core-columns-is-layout-28f84493 wp-block-columns-is-layout-flex\">\n<div class=\"wp-block-column etape-icon-column animated fadeInUp is-layout-flow wp-block-column-is-layout-flow\">\n<div class=\"wp-block-group is-layout-flow wp-block-group-is-layout-flow\">\n<div class=\"wp-block-columns is-layout-flex wp-container-core-columns-is-layout-28f84493 wp-block-columns-is-layout-flex\">\n<div class=\"wp-block-column is-layout-flow wp-block-column-is-layout-flow\">\n<div class=\"wp-block-group etape-white-group is-layout-flow wp-block-group-is-layout-flow\">\n<figure class=\"wp-block-image size-full\"><img loading=\"lazy\" decoding=\"async\" width=\"50\" height=\"50\" src=\"https:\/\/optimized63241cc15f0e8.cloud.bunnyroute.com\/wp-content\/uploads\/2022\/10\/Vector-4.png\" alt=\"\" class=\"wp-image-462\"\/><\/figure>\n\n\n\n<p class=\"box-subtitle\">Analysis<\/p>\n\n\n\n<p class=\"white-box-info\">You will give us details about the business strategy, following that we will analyze the specifics of your company, the target audience, the direct competition and the elements that differentiate you in the niche in which you operate.<\/p>\n<\/div>\n\n\n\n<div class=\"wp-block-group etape-white-group is-layout-flow wp-block-group-is-layout-flow\">\n<figure class=\"wp-block-image size-full\"><img loading=\"lazy\" decoding=\"async\" width=\"58\" height=\"50\" src=\"https:\/\/optimized63241cc15f0e8.cloud.bunnyroute.com\/wp-content\/uploads\/2022\/10\/Vector-5.png\" alt=\"\" class=\"wp-image-463\"\/><\/figure>\n\n\n\n<p class=\"box-subtitle\">Development<\/p>\n\n\n\n<p class=\"white-box-info\">We put the marketing channels to work to increase online sales and the visibility of your business and we make sure that we constantly optimize their performance.<\/p>\n<\/div>\n<\/div>\n\n\n\n<div class=\"wp-block-column etape-icon-second-column is-layout-flow wp-block-column-is-layout-flow\">\n<div class=\"wp-block-group etape-white-group is-layout-flow wp-block-group-is-layout-flow\">\n<figure class=\"wp-block-image size-full\"><img loading=\"lazy\" decoding=\"async\" width=\"40\" height=\"50\" src=\"https:\/\/optimized63241cc15f0e8.cloud.bunnyroute.com\/wp-content\/uploads\/2022\/10\/Vector-6.png\" alt=\"\" class=\"wp-image-464\"\/><\/figure>\n\n\n\n<p class=\"box-subtitle\">Strategy<\/p>\n\n\n\n<p class=\"white-box-info\">We establish the structure of the campaigns based on a framework perfectly adapted to your online business and we articulate the concrete ways in which we will achieve the objectives.<\/p>\n<\/div>\n\n\n\n<div class=\"wp-block-group etape-white-group is-layout-flow wp-block-group-is-layout-flow\">\n<figure class=\"wp-block-image size-full\"><img loading=\"lazy\" decoding=\"async\" width=\"57\" height=\"50\" src=\"https:\/\/optimized63241cc15f0e8.cloud.bunnyroute.com\/wp-content\/uploads\/2022\/10\/Vector-7.png\" alt=\"\" class=\"wp-image-465\"\/><\/figure>\n\n\n\n<p class=\"box-subtitle\">Results<\/p>\n\n\n\n<p class=\"white-box-info\">We will present you the results and, if necessary, they will be accompanied by new proposals to help you differentiate yourself even more online.<\/p>\n<\/div>\n<\/div>\n<\/div>\n<\/div>\n<\/div>\n\n\n\n<div class=\"wp-block-column etape-text-column is-layout-flow wp-block-column-is-layout-flow\">\n<div class=\"wp-block-group etape-text-group is-layout-flow wp-block-group-is-layout-flow\">\n<p class=\"white-box-title\">To ensure that we offer you the best online strategy, we organize the process as follows<\/p>\n\n\n\n<p class=\"box-subtitle\">First of all, Optimized emerged from the desire to provide real, measurable results and an integrated and customized online strategy depending on the specifics of your online store.<\/p>\n<\/div>\n<\/div>\n<\/div>\n<\/div>\n\n\n\n<div class=\"wp-block-group green-framework full-width-container is-layout-flow wp-block-group-is-layout-flow\">\n<figure class=\"wp-block-image size-full green-elipse\"><img loading=\"lazy\" decoding=\"async\" width=\"138\" height=\"259\" src=\"https:\/\/optimized63241cc15f0e8.cloud.bunnyroute.com\/wp-content\/uploads\/2022\/10\/Ellipse-31.png\" alt=\"\" class=\"wp-image-495\"\/><\/figure>\n\n\n\n<div class=\"wp-block-columns basic-container green-columns is-layout-flex wp-container-core-columns-is-layout-28f84493 wp-block-columns-is-layout-flex\">\n<div class=\"wp-block-column framework-text-column is-layout-flow wp-block-column-is-layout-flow\">\n<div class=\"wp-block-group framework-text-group is-layout-flow wp-block-group-is-layout-flow\">\n<p class=\"white-box-title\">An efficient framework<\/p>\n\n\n\n<p class=\"box-subtitle\">Following discussions with many entrepreneurs, we realized that most of them face the same questions when it comes to finding a suitable online strategy.<\/p>\n<\/div>\n<\/div>\n\n\n\n<div class=\"wp-block-column framework-boxes-column is-layout-flow wp-block-column-is-layout-flow\">\n<div class=\"wp-block-group animated fadeInRight is-layout-flow wp-block-group-is-layout-flow\">\n<div class=\"wp-block-group is-layout-flow wp-block-group-is-layout-flow\">\n<div class=\"wp-block-columns framework-boxes-container is-layout-flex wp-container-core-columns-is-layout-28f84493 wp-block-columns-is-layout-flex\">\n<div class=\"wp-block-column is-layout-flow wp-block-column-is-layout-flow\" style=\"flex-basis:100%\">\n<div class=\"wp-block-group green-group-box is-layout-flow wp-block-group-is-layout-flow\">\n<figure class=\"wp-block-image size-full\"><img loading=\"lazy\" decoding=\"async\" width=\"90\" height=\"90\" src=\"https:\/\/optimized63241cc15f0e8.cloud.bunnyroute.com\/wp-content\/uploads\/2022\/10\/Group-246.png\" alt=\"\" class=\"wp-image-497\"\/><\/figure>\n\n\n\n<p class=\"white-box-info\">How to develop profitable campaigns in a niche where there is great competition?<\/p>\n<\/div>\n\n\n\n<div class=\"wp-block-group green-group-box is-layout-flow wp-block-group-is-layout-flow\">\n<figure class=\"wp-block-image size-full\"><img loading=\"lazy\" decoding=\"async\" width=\"90\" height=\"90\" src=\"https:\/\/optimized63241cc15f0e8.cloud.bunnyroute.com\/wp-content\/uploads\/2022\/10\/Group-246.png\" alt=\"\" class=\"wp-image-497\"\/><\/figure>\n\n\n\n<p class=\"white-box-info\">How to get scalable results from a campaign?<\/p>\n<\/div>\n\n\n\n<div class=\"wp-block-group green-group-box is-layout-flow wp-block-group-is-layout-flow\">\n<figure class=\"wp-block-image size-full\"><img loading=\"lazy\" decoding=\"async\" width=\"90\" height=\"90\" src=\"https:\/\/optimized63241cc15f0e8.cloud.bunnyroute.com\/wp-content\/uploads\/2022\/10\/Group-246.png\" alt=\"\" class=\"wp-image-497\"\/><\/figure>\n\n\n\n<p class=\"white-box-info\">How to become more and more visible for a relevant target?<\/p>\n<\/div>\n\n\n\n<div class=\"wp-block-group green-group-box is-layout-flow wp-block-group-is-layout-flow\">\n<figure class=\"wp-block-image size-full\"><img loading=\"lazy\" decoding=\"async\" width=\"90\" height=\"90\" src=\"https:\/\/optimized63241cc15f0e8.cloud.bunnyroute.com\/wp-content\/uploads\/2022\/10\/Group-246.png\" alt=\"\" class=\"wp-image-497\"\/><\/figure>\n\n\n\n<p class=\"white-box-info\">How to make sure your online actions turn into conversions?<\/p>\n<\/div>\n<\/div>\n\n\n\n<div class=\"wp-block-column is-layout-flow wp-block-column-is-layout-flow\" style=\"flex-basis:100%\">\n<div class=\"wp-block-group green-group-box is-layout-flow wp-block-group-is-layout-flow\">\n<figure class=\"wp-block-image size-full\"><img loading=\"lazy\" decoding=\"async\" width=\"90\" height=\"90\" src=\"https:\/\/optimized63241cc15f0e8.cloud.bunnyroute.com\/wp-content\/uploads\/2022\/10\/Group-246.png\" alt=\"\" class=\"wp-image-497\"\/><\/figure>\n\n\n\n<p class=\"white-box-info\">How to identify new solutions to increase online sales?<\/p>\n<\/div>\n\n\n\n<div class=\"wp-block-group green-group-box is-layout-flow wp-block-group-is-layout-flow\">\n<figure class=\"wp-block-image size-full\"><img loading=\"lazy\" decoding=\"async\" width=\"90\" height=\"90\" src=\"https:\/\/optimized63241cc15f0e8.cloud.bunnyroute.com\/wp-content\/uploads\/2022\/10\/Group-246.png\" alt=\"\" class=\"wp-image-497\"\/><\/figure>\n\n\n\n<p class=\"white-box-info\">How to build an online strategy that delivers real results?<\/p>\n<\/div>\n\n\n\n<div class=\"wp-block-group green-group-box is-layout-flow wp-block-group-is-layout-flow\">\n<figure class=\"wp-block-image size-full\"><img loading=\"lazy\" decoding=\"async\" width=\"90\" height=\"90\" src=\"https:\/\/optimized63241cc15f0e8.cloud.bunnyroute.com\/wp-content\/uploads\/2022\/10\/Group-246.png\" alt=\"\" class=\"wp-image-497\"\/><\/figure>\n\n\n\n<p class=\"white-box-info\">How to choose a reliable partner, given that most agencies in the market are not specialized, but claim to do everything?<\/p>\n<\/div>\n<\/div>\n<\/div>\n<\/div>\n\n\n\n<p class=\"green-box-info translation-block\">Optimized focuses precisely on these issues, and the feedback we have from the market has shown us over time that we offer exactly what we intended from the very beginning: <strong>real results<\/strong>.<\/p>\n<\/div>\n<\/div>\n<\/div>\n\n\n\n<figure class=\"wp-block-image size-full orange-elipse-cut\"><img loading=\"lazy\" decoding=\"async\" width=\"195\" height=\"287\" src=\"https:\/\/optimized63241cc15f0e8.cloud.bunnyroute.com\/wp-content\/uploads\/2022\/10\/Ellipse-39.png\" alt=\"\" class=\"wp-image-511\"\/><\/figure>\n<\/div>\n\n\n\n<div class=\"wp-block-group basic-container form-container is-layout-flow wp-block-group-is-layout-flow\">\n<figure class=\"wp-block-image size-full orange-elipse\"><img loading=\"lazy\" decoding=\"async\" width=\"104\" height=\"96\" src=\"https:\/\/optimized63241cc15f0e8.cloud.bunnyroute.com\/wp-content\/uploads\/2022\/10\/Ellipse-34.png\" alt=\"\" class=\"wp-image-512\"\/><\/figure>\n\n\n\n<figure class=\"wp-block-image size-full green-circle\"><img loading=\"lazy\" decoding=\"async\" width=\"56\" height=\"56\" src=\"http:\/\/optimized63241cc15f0e8.cloud.bunnyroute.com\/wp-content\/uploads\/2022\/10\/Ellipse-24.png\" alt=\"\" class=\"wp-image-202\"\/><\/figure>\n\n\n\n<p class=\"white-box-title\">Let's get to know each other!<\/p>\n\n\n<div role=\"form\" class=\"wpcf7\" id=\"wpcf7-f503-o1\" lang=\"en-US\" dir=\"ltr\">\n<div class=\"screen-reader-response\"><p role=\"status\" aria-live=\"polite\" aria-atomic=\"true\"><\/p> <ul><\/ul><\/div>\n<form action=\"\/en\/wp-json\/wp\/v2\/pages\/13#wpcf7-f503-o1\" method=\"post\" class=\"wpcf7-form init\" novalidate=\"novalidate\" data-status=\"init\" data-trp-original-action=\"\/en\/wp-json\/wp\/v2\/pages\/13#wpcf7-f503-o1\">\n<div style=\"display: none;\">\n<input type=\"hidden\" name=\"_wpcf7\" value=\"503\" \/>\n<input type=\"hidden\" name=\"_wpcf7_version\" value=\"5.6.4\" \/>\n<input type=\"hidden\" name=\"_wpcf7_locale\" value=\"en_US\" \/>\n<input type=\"hidden\" name=\"_wpcf7_unit_tag\" value=\"wpcf7-f503-o1\" \/>\n<input type=\"hidden\" name=\"_wpcf7_container_post\" value=\"0\" \/>\n<input type=\"hidden\" name=\"_wpcf7_posted_data_hash\" value=\"\" \/>\n<\/div>\n<div class=\"optimized-form-container\">\n<div class=\"nume-prenume-group\">\n<div class=\"nume-div\">\n      <span class=\"wpcf7-form-control-wrap\" data-name=\"nume\"><input type=\"text\" name=\"nume\" value=\"\" size=\"40\" class=\"wpcf7-form-control wpcf7-text wpcf7-validates-as-required\" aria-required=\"true\" aria-invalid=\"false\" placeholder=\"Name\" \/><\/span>\n    <\/div>\n<div class=\"prenume-div\">\n      <span class=\"wpcf7-form-control-wrap\" data-name=\"prenume\"><input type=\"text\" name=\"prenume\" value=\"\" size=\"40\" class=\"wpcf7-form-control wpcf7-text wpcf7-validates-as-required\" aria-required=\"true\" aria-invalid=\"false\" placeholder=\"First name\" \/><\/span>\n    <\/div>\n<\/div>\n<div class=\"telefon-email-group\">\n<div class=\"telefon-div\">\n      <span class=\"wpcf7-form-control-wrap\" data-name=\"tel-357\"><input type=\"tel\" name=\"tel-357\" value=\"\" size=\"40\" class=\"wpcf7-form-control wpcf7-text wpcf7-tel wpcf7-validates-as-required wpcf7-validates-as-tel\" aria-required=\"true\" aria-invalid=\"false\" placeholder=\"Phone number\" \/><\/span>\n    <\/div>\n<div class=\"email-div\">\n      <span class=\"wpcf7-form-control-wrap\" data-name=\"email\"><input type=\"email\" name=\"email\" value=\"\" size=\"40\" class=\"wpcf7-form-control wpcf7-text wpcf7-email wpcf7-validates-as-required wpcf7-validates-as-email\" aria-required=\"true\" aria-invalid=\"false\" placeholder=\"Email\" \/><\/span>\n    <\/div>\n<\/div>\n<div class=\"mesaj-group\">\n    <span class=\"wpcf7-form-control-wrap\" data-name=\"mesajul-tau\"><textarea name=\"mesajul-tau\" cols=\"40\" rows=\"10\" class=\"wpcf7-form-control wpcf7-textarea\" aria-invalid=\"false\" placeholder=\"Message\"><\/textarea><\/span>\n  <\/div>\n<div class=\"check-button-group\">\n    <span class=\"wpcf7-form-control-wrap\" data-name=\"checkbox-572\"><span class=\"wpcf7-form-control wpcf7-checkbox wpcf7-validates-as-required form-checkbox\"><span class=\"wpcf7-list-item first last\"><label><input type=\"checkbox\" name=\"checkbox-572[]\" value=\"Sunt de acord cu politica de prelucrare a datelor cu caracter personal\" \/><span class=\"wpcf7-list-item-label\">I agree to the Privacy policy.<\/span><\/label><\/span><\/span><\/span><\/p>\n<div class=\"button-div\"><input type=\"submit\" value=\"REQUEST AN OFFER\" class=\"wpcf7-form-control has-spinner wpcf7-submit form-button\" \/><\/div>\n<\/div>\n<\/div>\n<div class=\"wpcf7-response-output\" aria-hidden=\"true\"><\/div><input type=\"hidden\" name=\"trp-form-language\" value=\"en\"\/><\/form><\/div>\n\n\n\n<figure class=\"wp-block-image size-full orange-circle\"><img loading=\"lazy\" decoding=\"async\" width=\"38\" height=\"38\" src=\"http:\/\/optimized63241cc15f0e8.cloud.bunnyroute.com\/wp-content\/uploads\/2022\/10\/Ellipse-25.png\" alt=\"\" class=\"wp-image-203\"\/><\/figure>\n\n\n\n<figure class=\"wp-block-image size-full green-elipse\"><img loading=\"lazy\" decoding=\"async\" width=\"161\" height=\"149\" src=\"https:\/\/optimized63241cc15f0e8.cloud.bunnyroute.com\/wp-content\/uploads\/2022\/10\/Ellipse-33.png\" alt=\"\" class=\"wp-image-513\"\/><\/figure>\n<\/div>","protected":false},"excerpt":{"rendered":"<p>Strategie Online Ce presupune Strategia Optimized O strategie de business nu e complet\u0103 dac\u0103 nu include \u0219i o strategie online foarte bine pus\u0103 la punct. Pentru a avea rezultatele scontate, o strategie online trebuie s\u0103 fie \u00eentotdeauna personalizat\u0103 \u0219i perfect adaptat\u0103 obiectivelor companiei. \u00cen plus, aceasta trebuie s\u0103 traseze o direc\u021bie ascendent\u0103 \u00een ceea ce [&hellip;]<\/p>","protected":false},"author":1,"featured_media":0,"parent":0,"menu_order":0,"comment_status":"closed","ping_status":"closed","template":"","meta":{"footnotes":""},"class_list":["post-13","page","type-page","status-publish","hentry"],"yoast_head":"<!-- This site is optimized with the Yoast SEO plugin v19.14 - https:\/\/yoast.com\/wordpress\/plugins\/seo\/ -->\n<title>Strategie Online - Bunnyshell Wordpress<\/title>\n<meta name=\"robots\" content=\"index, follow, max-snippet:-1, max-image-preview:large, max-video-preview:-1\" \/>\n<link rel=\"canonical\" href=\"http:\/\/optimized63241cc15f0e8.cloud.bunnyroute.com\/en\/strategie-online\/\" \/>\n<meta property=\"og:locale\" content=\"en_US\" \/>\n<meta property=\"og:type\" content=\"article\" \/>\n<meta property=\"og:title\" content=\"Strategie Online - Bunnyshell Wordpress\" \/>\n<meta property=\"og:description\" content=\"Strategie Online Ce presupune Strategia Optimized O strategie de business nu e complet\u0103 dac\u0103 nu include \u0219i o strategie online foarte bine pus\u0103 la punct. Pentru a avea rezultatele scontate, o strategie online trebuie s\u0103 fie \u00eentotdeauna personalizat\u0103 \u0219i perfect adaptat\u0103 obiectivelor companiei. \u00cen plus, aceasta trebuie s\u0103 traseze o direc\u021bie ascendent\u0103 \u00een ceea ce [&hellip;]\" \/>\n<meta property=\"og:url\" content=\"http:\/\/optimized63241cc15f0e8.cloud.bunnyroute.com\/en\/strategie-online\/\" \/>\n<meta property=\"og:site_name\" content=\"Bunnyshell Wordpress\" \/>\n<meta property=\"article:modified_time\" content=\"2022-12-21T10:41:47+00:00\" \/>\n<meta property=\"og:image\" content=\"https:\/\/optimized63241cc15f0e8.cloud.bunnyroute.com\/wp-content\/uploads\/2022\/10\/Ellipse-22-1.png\" \/>\n<meta name=\"twitter:card\" content=\"summary_large_image\" \/>\n<meta name=\"twitter:label1\" content=\"Est. reading time\" \/>\n\t<meta name=\"twitter:data1\" content=\"2 minutes\" \/>\n<script type=\"application\/ld+json\" class=\"yoast-schema-graph\">{\"@context\":\"https:\/\/schema.org\",\"@graph\":[{\"@type\":\"WebPage\",\"@id\":\"http:\/\/optimized63241cc15f0e8.cloud.bunnyroute.com\/en\/strategie-online\/\",\"url\":\"http:\/\/optimized63241cc15f0e8.cloud.bunnyroute.com\/en\/strategie-online\/\",\"name\":\"Strategie Online - Bunnyshell Wordpress\",\"isPartOf\":{\"@id\":\"http:\/\/optimized63241cc15f0e8.cloud.bunnyroute.com\/en\/#website\"},\"datePublished\":\"2022-09-16T07:55:41+00:00\",\"dateModified\":\"2022-12-21T10:41:47+00:00\",\"breadcrumb\":{\"@id\":\"http:\/\/optimized63241cc15f0e8.cloud.bunnyroute.com\/en\/strategie-online\/#breadcrumb\"},\"inLanguage\":\"en-US\",\"potentialAction\":[{\"@type\":\"ReadAction\",\"target\":[\"http:\/\/optimized63241cc15f0e8.cloud.bunnyroute.com\/en\/strategie-online\/\"]}]},{\"@type\":\"BreadcrumbList\",\"@id\":\"http:\/\/optimized63241cc15f0e8.cloud.bunnyroute.com\/en\/strategie-online\/#breadcrumb\",\"itemListElement\":[{\"@type\":\"ListItem\",\"position\":1,\"name\":\"Home\",\"item\":\"http:\/\/optimized63241cc15f0e8.cloud.bunnyroute.com\/en\/\"},{\"@type\":\"ListItem\",\"position\":2,\"name\":\"Strategie Online\"}]},{\"@type\":\"WebSite\",\"@id\":\"http:\/\/optimized63241cc15f0e8.cloud.bunnyroute.com\/en\/#website\",\"url\":\"http:\/\/optimized63241cc15f0e8.cloud.bunnyroute.com\/en\/\",\"name\":\"Bunnyshell Wordpress\",\"description\":\"Just another WordPress site\",\"publisher\":{\"@id\":\"http:\/\/optimized63241cc15f0e8.cloud.bunnyroute.com\/en\/#organization\"},\"potentialAction\":[{\"@type\":\"SearchAction\",\"target\":{\"@type\":\"EntryPoint\",\"urlTemplate\":\"http:\/\/optimized63241cc15f0e8.cloud.bunnyroute.com\/en\/?s={search_term_string}\"},\"query-input\":\"required name=search_term_string\"}],\"inLanguage\":\"en-US\"},{\"@type\":\"Organization\",\"@id\":\"http:\/\/optimized63241cc15f0e8.cloud.bunnyroute.com\/en\/#organization\",\"name\":\"Bunnyshell Wordpress\",\"url\":\"http:\/\/optimized63241cc15f0e8.cloud.bunnyroute.com\/en\/\",\"logo\":{\"@type\":\"ImageObject\",\"inLanguage\":\"en-US\",\"@id\":\"http:\/\/optimized63241cc15f0e8.cloud.bunnyroute.com\/en\/#\/schema\/logo\/image\/\",\"url\":\"http:\/\/optimized63241cc15f0e8.cloud.bunnyroute.com\/wp-content\/uploads\/2022\/09\/logo-editat-1.png\",\"contentUrl\":\"http:\/\/optimized63241cc15f0e8.cloud.bunnyroute.com\/wp-content\/uploads\/2022\/09\/logo-editat-1.png\",\"width\":147,\"height\":32,\"caption\":\"Bunnyshell Wordpress\"},\"image\":{\"@id\":\"http:\/\/optimized63241cc15f0e8.cloud.bunnyroute.com\/en\/#\/schema\/logo\/image\/\"}}]}<\/script>\n<!-- \/ Yoast SEO plugin. -->","yoast_head_json":{"title":"Strategie Online - Bunnyshell Wordpress","robots":{"index":"index","follow":"follow","max-snippet":"max-snippet:-1","max-image-preview":"max-image-preview:large","max-video-preview":"max-video-preview:-1"},"canonical":"http:\/\/optimized63241cc15f0e8.cloud.bunnyroute.com\/en\/strategie-online\/","og_locale":"en_US","og_type":"article","og_title":"Strategie Online - Bunnyshell Wordpress","og_description":"Strategie Online Ce presupune Strategia Optimized O strategie de business nu e complet\u0103 dac\u0103 nu include \u0219i o strategie online foarte bine pus\u0103 la punct. Pentru a avea rezultatele scontate, o strategie online trebuie s\u0103 fie \u00eentotdeauna personalizat\u0103 \u0219i perfect adaptat\u0103 obiectivelor companiei. \u00cen plus, aceasta trebuie s\u0103 traseze o direc\u021bie ascendent\u0103 \u00een ceea ce [&hellip;]","og_url":"http:\/\/optimized63241cc15f0e8.cloud.bunnyroute.com\/en\/strategie-online\/","og_site_name":"Bunnyshell Wordpress","article_modified_time":"2022-12-21T10:41:47+00:00","og_image":[{"url":"https:\/\/optimized63241cc15f0e8.cloud.bunnyroute.com\/wp-content\/uploads\/2022\/10\/Ellipse-22-1.png"}],"twitter_card":"summary_large_image","twitter_misc":{"Est. reading time":"2 minutes"},"schema":{"@context":"https:\/\/schema.org","@graph":[{"@type":"WebPage","@id":"http:\/\/optimized63241cc15f0e8.cloud.bunnyroute.com\/en\/strategie-online\/","url":"http:\/\/optimized63241cc15f0e8.cloud.bunnyroute.com\/en\/strategie-online\/","name":"Strategie Online - Bunnyshell Wordpress","isPartOf":{"@id":"http:\/\/optimized63241cc15f0e8.cloud.bunnyroute.com\/en\/#website"},"datePublished":"2022-09-16T07:55:41+00:00","dateModified":"2022-12-21T10:41:47+00:00","breadcrumb":{"@id":"http:\/\/optimized63241cc15f0e8.cloud.bunnyroute.com\/en\/strategie-online\/#breadcrumb"},"inLanguage":"en-US","potentialAction":[{"@type":"ReadAction","target":["http:\/\/optimized63241cc15f0e8.cloud.bunnyroute.com\/en\/strategie-online\/"]}]},{"@type":"BreadcrumbList","@id":"http:\/\/optimized63241cc15f0e8.cloud.bunnyroute.com\/en\/strategie-online\/#breadcrumb","itemListElement":[{"@type":"ListItem","position":1,"name":"Home","item":"http:\/\/optimized63241cc15f0e8.cloud.bunnyroute.com\/en\/"},{"@type":"ListItem","position":2,"name":"Strategie Online"}]},{"@type":"WebSite","@id":"http:\/\/optimized63241cc15f0e8.cloud.bunnyroute.com\/en\/#website","url":"http:\/\/optimized63241cc15f0e8.cloud.bunnyroute.com\/en\/","name":"Bunnyshell Wordpress","description":"Just another WordPress site","publisher":{"@id":"http:\/\/optimized63241cc15f0e8.cloud.bunnyroute.com\/en\/#organization"},"potentialAction":[{"@type":"SearchAction","target":{"@type":"EntryPoint","urlTemplate":"http:\/\/optimized63241cc15f0e8.cloud.bunnyroute.com\/en\/?s={search_term_string}"},"query-input":"required name=search_term_string"}],"inLanguage":"en-US"},{"@type":"Organization","@id":"http:\/\/optimized63241cc15f0e8.cloud.bunnyroute.com\/en\/#organization","name":"Bunnyshell Wordpress","url":"http:\/\/optimized63241cc15f0e8.cloud.bunnyroute.com\/en\/","logo":{"@type":"ImageObject","inLanguage":"en-US","@id":"http:\/\/optimized63241cc15f0e8.cloud.bunnyroute.com\/en\/#\/schema\/logo\/image\/","url":"http:\/\/optimized63241cc15f0e8.cloud.bunnyroute.com\/wp-content\/uploads\/2022\/09\/logo-editat-1.png","contentUrl":"http:\/\/optimized63241cc15f0e8.cloud.bunnyroute.com\/wp-content\/uploads\/2022\/09\/logo-editat-1.png","width":147,"height":32,"caption":"Bunnyshell Wordpress"},"image":{"@id":"http:\/\/optimized63241cc15f0e8.cloud.bunnyroute.com\/en\/#\/schema\/logo\/image\/"}}]}},"_links":{"self":[{"href":"http:\/\/optimized63241cc15f0e8.cloud.bunnyroute.com\/en\/wp-json\/wp\/v2\/pages\/13","targetHints":{"allow":["GET"]}}],"collection":[{"href":"http:\/\/optimized63241cc15f0e8.cloud.bunnyroute.com\/en\/wp-json\/wp\/v2\/pages"}],"about":[{"href":"http:\/\/optimized63241cc15f0e8.cloud.bunnyroute.com\/en\/wp-json\/wp\/v2\/types\/page"}],"author":[{"embeddable":true,"href":"http:\/\/optimized63241cc15f0e8.cloud.bunnyroute.com\/en\/wp-json\/wp\/v2\/users\/1"}],"replies":[{"embeddable":true,"href":"http:\/\/optimized63241cc15f0e8.cloud.bunnyroute.com\/en\/wp-json\/wp\/v2\/comments?post=13"}],"version-history":[{"count":73,"href":"http:\/\/optimized63241cc15f0e8.cloud.bunnyroute.com\/en\/wp-json\/wp\/v2\/pages\/13\/revisions"}],"predecessor-version":[{"id":2393,"href":"http:\/\/optimized63241cc15f0e8.cloud.bunnyroute.com\/en\/wp-json\/wp\/v2\/pages\/13\/revisions\/2393"}],"wp:attachment":[{"href":"http:\/\/optimized63241cc15f0e8.cloud.bunnyroute.com\/en\/wp-json\/wp\/v2\/media?parent=13"}],"curies":[{"name":"wp","href":"https:\/\/api.w.org\/{rel}","templated":true}]}}