{"id":17,"date":"2022-09-16T07:56:03","date_gmt":"2022-09-16T07:56:03","guid":{"rendered":"https:\/\/optimized63241cc15f0e8.cloud.bunnyroute.com\/?page_id=17"},"modified":"2022-12-21T11:17:08","modified_gmt":"2022-12-21T11:17:08","slug":"cursuri","status":"publish","type":"page","link":"http:\/\/optimized63241cc15f0e8.cloud.bunnyroute.com\/en\/cursuri\/","title":{"rendered":"Courses"},"content":{"rendered":"<div class=\"wp-block-group full-width-container strategie-container cursuri-first is-layout-flow wp-block-group-is-layout-flow\">\n<figure class=\"wp-block-image size-full orange-elipse\"><img loading=\"lazy\" decoding=\"async\" width=\"182\" height=\"265\" src=\"https:\/\/optimized63241cc15f0e8.cloud.bunnyroute.com\/wp-content\/uploads\/2022\/10\/Ellipse-22-1.png\" alt=\"\" class=\"wp-image-493\"\/><\/figure>\n\n\n\n<div class=\"wp-block-columns strategie-columns is-layout-flex wp-container-core-columns-is-layout-28f84493 wp-block-columns-is-layout-flex\">\n<div class=\"wp-block-column is-layout-flow wp-block-column-is-layout-flow\">\n<div class=\"wp-block-group strategie-group is-layout-flow wp-block-group-is-layout-flow\">\n<p class=\"cover-big-title\">Digital marketing courses<\/p>\n\n\n\n<p class=\"strategie-basic-info\">Regardless of the specifics of your business, digital marketing is no longer just an option. Your customers are online and the first thing they do when they are about to buy products and services is looking for that product or service online.<\/p>\n\n\n\n<p class=\"strategie-basic-info\">In this context, it is more important than ever to make sure that:<\/p>\n\n\n\n<ol class=\"strategie-basic-info cursuri-ol wp-block-list\">\n<li>Your website is well optimized<\/li>\n\n\n\n<li class=\" translation-block\">You know how to <strong>advertise your products\/services<\/strong> on social networks<\/li>\n\n\n\n<li class=\" translation-block\">You are up to date with <strong>current trends<\/strong> in online advertising<\/li>\n\n\n\n<li class=\" translation-block\">You know how to <strong>analyze your actions correctly<\/strong> and how <strong>to adapt your business strategy to new objectives when the results are not as expected.<\/strong><\/li>\n<\/ol>\n\n\n\n<p class=\"strategie-basic-info translation-block\">A specialized agency can do all this work for you, but it\u2019s always a good idea to consider <a href=\"\/training-performance\/\" data-type=\"URL\" data-id=\"\/training-performance\/\" target=\"_self\">advanced training for your team<\/a>.<\/p>\n\n\n\n<div class=\"wp-block-buttons is-layout-flex wp-block-buttons-is-layout-flex\">\n<div class=\"wp-block-button white-box-button optimized-button\"><a class=\"wp-block-button__link wp-element-button\" href=\"http:\/\/optimized63241cc15f0e8.cloud.bunnyroute.com\/en\/contact\/\">FIND OUT MORE<\/a><\/div>\n<\/div>\n<\/div>\n<\/div>\n\n\n\n<div class=\"wp-block-column strategie-img-column is-layout-flow wp-block-column-is-layout-flow\">\n<figure class=\"wp-block-image size-large animated fadeIn delay-200ms\"><img loading=\"lazy\" decoding=\"async\" width=\"604\" height=\"1024\" src=\"https:\/\/optimized63241cc15f0e8.cloud.bunnyroute.com\/wp-content\/uploads\/2022\/12\/Rectangle-78-9-604x1024.png\" alt=\"\" class=\"wp-image-2038\" srcset=\"http:\/\/optimized63241cc15f0e8.cloud.bunnyroute.com\/wp-content\/uploads\/2022\/12\/Rectangle-78-9-604x1024.png 604w, http:\/\/optimized63241cc15f0e8.cloud.bunnyroute.com\/wp-content\/uploads\/2022\/12\/Rectangle-78-9-177x300.png 177w, http:\/\/optimized63241cc15f0e8.cloud.bunnyroute.com\/wp-content\/uploads\/2022\/12\/Rectangle-78-9-7x12.png 7w, http:\/\/optimized63241cc15f0e8.cloud.bunnyroute.com\/wp-content\/uploads\/2022\/12\/Rectangle-78-9.png 651w\" sizes=\"auto, (max-width: 604px) 100vw, 604px\" \/><\/figure>\n<\/div>\n<\/div>\n<\/div>\n\n\n\n<div class=\"wp-block-group etape-container basic-container cursuri-etape is-layout-flow wp-block-group-is-layout-flow\">\n<div class=\"wp-block-columns etapizare-columns is-layout-flex wp-container-core-columns-is-layout-28f84493 wp-block-columns-is-layout-flex\">\n<div class=\"wp-block-column etape-icon-column animated fadeInUp is-layout-flow wp-block-column-is-layout-flow\">\n<div class=\"wp-block-group is-layout-flow wp-block-group-is-layout-flow\">\n<div class=\"wp-block-columns is-layout-flex wp-container-core-columns-is-layout-28f84493 wp-block-columns-is-layout-flex\">\n<div class=\"wp-block-column is-layout-flow wp-block-column-is-layout-flow\">\n<div class=\"wp-block-group etape-white-group is-layout-flow wp-block-group-is-layout-flow\">\n<figure class=\"wp-block-image size-full\"><img loading=\"lazy\" decoding=\"async\" width=\"50\" height=\"50\" src=\"https:\/\/optimized63241cc15f0e8.cloud.bunnyroute.com\/wp-content\/uploads\/2022\/10\/Vector-8.png\" alt=\"\" class=\"wp-image-535\"\/><\/figure>\n\n\n\n<p class=\"box-subtitle\">Tailored Training Performance<\/p>\n\n\n\n<div class=\"wp-block-buttons is-layout-flex wp-block-buttons-is-layout-flex\">\n<div class=\"wp-block-button blog-button\"><a class=\"wp-block-button__link wp-element-button\" href=\"http:\/\/optimized63241cc15f0e8.cloud.bunnyroute.com\/en\/training-performance\/\">FIND OUT MORE<\/a><\/div>\n<\/div>\n<\/div>\n\n\n\n<div class=\"wp-block-group etape-white-group is-layout-flow wp-block-group-is-layout-flow\">\n<figure class=\"wp-block-image size-full\"><img loading=\"lazy\" decoding=\"async\" width=\"50\" height=\"50\" src=\"https:\/\/optimized63241cc15f0e8.cloud.bunnyroute.com\/wp-content\/uploads\/2022\/10\/Vector-10.png\" alt=\"\" class=\"wp-image-538\"\/><\/figure>\n\n\n\n<p class=\"box-subtitle\">Social Media Ads Course<\/p>\n\n\n\n<div class=\"wp-block-buttons is-layout-flex wp-block-buttons-is-layout-flex\">\n<div class=\"wp-block-button blog-button\"><a class=\"wp-block-button__link wp-element-button\" href=\"http:\/\/optimized63241cc15f0e8.cloud.bunnyroute.com\/en\/social-media-ads\/\">FIND OUT MORE<\/a><\/div>\n<\/div>\n<\/div>\n<\/div>\n\n\n\n<div class=\"wp-block-column etape-icon-second-column is-layout-flow wp-block-column-is-layout-flow\">\n<div class=\"wp-block-group etape-white-group is-layout-flow wp-block-group-is-layout-flow\">\n<figure class=\"wp-block-image size-full\"><img loading=\"lazy\" decoding=\"async\" width=\"50\" height=\"50\" src=\"https:\/\/optimized63241cc15f0e8.cloud.bunnyroute.com\/wp-content\/uploads\/2022\/10\/Vector-9.png\" alt=\"\" class=\"wp-image-537\"\/><\/figure>\n\n\n\n<p class=\"box-subtitle\">Google Ads Course<\/p>\n\n\n\n<div class=\"wp-block-buttons is-layout-flex wp-block-buttons-is-layout-flex\">\n<div class=\"wp-block-button blog-button\"><a class=\"wp-block-button__link wp-element-button\" href=\"http:\/\/optimized63241cc15f0e8.cloud.bunnyroute.com\/en\/google-ads\/\">FIND OUT MORE<\/a><\/div>\n<\/div>\n<\/div>\n<\/div>\n<\/div>\n<\/div>\n<\/div>\n\n\n\n<div class=\"wp-block-column etape-text-column is-layout-flow wp-block-column-is-layout-flow\">\n<div class=\"wp-block-group etape-text-group is-layout-flow wp-block-group-is-layout-flow\">\n<p class=\"strategie-basic-info translation-block\"><strong>A digital marketing course<\/strong> and a better understanding of how digital marketing works will help you better assess the activity of the agency you work with and create an internal digital marketing department that will bring authenticity to your online business strategy.<\/p>\n\n\n\n<p class=\"strategie-basic-info translation-block\"><strong>A digital marketing course<\/strong> can be useful not only for entrepreneurs and digital marketing teams in companies, but also for people who want to work in this field and to whom these digital marketing courses can provide valuable insights on online behavior and the way an online shopper makes decisions.<\/p>\n\n\n\n<p class=\"strategie-basic-info translation-block\">Regardless of the category in which you find yourself, if you decided to take an online digital marketing course and <strong>learn how to successfully build a marketing strategy<\/strong>, Optimized can help you make the best investment.<\/p>\n\n\n\n<p class=\"strategie-basic-info\">Our team of Google certified trainers has conducted hundreds of seminars and digital marketing courses so far and can\u2019t wait to meet you.<\/p>\n<\/div>\n<\/div>\n<\/div>\n<\/div>\n\n\n\n<div class=\"wp-block-group basic-container form-container is-layout-flow wp-block-group-is-layout-flow\">\n<figure class=\"wp-block-image size-full orange-elipse\"><img loading=\"lazy\" decoding=\"async\" width=\"104\" height=\"96\" src=\"https:\/\/optimized63241cc15f0e8.cloud.bunnyroute.com\/wp-content\/uploads\/2022\/10\/Ellipse-34.png\" alt=\"\" class=\"wp-image-512\"\/><\/figure>\n\n\n\n<figure class=\"wp-block-image size-full green-circle\"><img loading=\"lazy\" decoding=\"async\" width=\"56\" height=\"56\" src=\"http:\/\/optimized63241cc15f0e8.cloud.bunnyroute.com\/wp-content\/uploads\/2022\/10\/Ellipse-24.png\" alt=\"\" class=\"wp-image-202\"\/><\/figure>\n\n\n\n<p class=\"white-box-title\">Let's get to know each other!<\/p>\n\n\n<div role=\"form\" class=\"wpcf7\" id=\"wpcf7-f530-o1\" lang=\"en-US\" dir=\"ltr\">\n<div class=\"screen-reader-response\"><p role=\"status\" aria-live=\"polite\" aria-atomic=\"true\"><\/p> <ul><\/ul><\/div>\n<form action=\"\/en\/wp-json\/wp\/v2\/pages\/17#wpcf7-f530-o1\" method=\"post\" class=\"wpcf7-form init\" novalidate=\"novalidate\" data-status=\"init\" data-trp-original-action=\"\/en\/wp-json\/wp\/v2\/pages\/17#wpcf7-f530-o1\">\n<div style=\"display: none;\">\n<input type=\"hidden\" name=\"_wpcf7\" value=\"530\" \/>\n<input type=\"hidden\" name=\"_wpcf7_version\" value=\"5.6.4\" \/>\n<input type=\"hidden\" name=\"_wpcf7_locale\" value=\"en_US\" \/>\n<input type=\"hidden\" name=\"_wpcf7_unit_tag\" value=\"wpcf7-f530-o1\" \/>\n<input type=\"hidden\" name=\"_wpcf7_container_post\" value=\"0\" \/>\n<input type=\"hidden\" name=\"_wpcf7_posted_data_hash\" value=\"\" \/>\n<\/div>\n<div class=\"optimized-form-container\">\n<div class=\"nume-prenume-group\">\n<div class=\"nume-div\">\n      <span class=\"wpcf7-form-control-wrap\" data-name=\"nume\"><input type=\"text\" name=\"nume\" value=\"\" size=\"40\" class=\"wpcf7-form-control wpcf7-text wpcf7-validates-as-required\" aria-required=\"true\" aria-invalid=\"false\" placeholder=\"Name\" \/><\/span>\n    <\/div>\n<div class=\"prenume-div\">\n      <span class=\"wpcf7-form-control-wrap\" data-name=\"prenume\"><input type=\"text\" name=\"prenume\" value=\"\" size=\"40\" class=\"wpcf7-form-control wpcf7-text wpcf7-validates-as-required\" aria-required=\"true\" aria-invalid=\"false\" placeholder=\"First name\" \/><\/span>\n    <\/div>\n<\/div>\n<div class=\"telefon-email-group\">\n<div class=\"telefon-div\">\n      <span class=\"wpcf7-form-control-wrap\" data-name=\"tel-357\"><input type=\"tel\" name=\"tel-357\" value=\"\" size=\"40\" class=\"wpcf7-form-control wpcf7-text wpcf7-tel wpcf7-validates-as-required wpcf7-validates-as-tel\" aria-required=\"true\" aria-invalid=\"false\" placeholder=\"Phone number\" \/><\/span>\n    <\/div>\n<div class=\"email-div\">\n      <span class=\"wpcf7-form-control-wrap\" data-name=\"email\"><input type=\"email\" name=\"email\" value=\"\" size=\"40\" class=\"wpcf7-form-control wpcf7-text wpcf7-email wpcf7-validates-as-required wpcf7-validates-as-email\" aria-required=\"true\" aria-invalid=\"false\" placeholder=\"Email\" \/><\/span>\n    <\/div>\n<\/div>\n<div class=\"mesaj-group\">\n    <span class=\"wpcf7-form-control-wrap\" data-name=\"mesajul-tau\"><textarea name=\"mesajul-tau\" cols=\"40\" rows=\"10\" class=\"wpcf7-form-control wpcf7-textarea\" aria-invalid=\"false\" placeholder=\"Message\"><\/textarea><\/span>\n  <\/div>\n<div class=\"check-button-group\">\n    <span class=\"wpcf7-form-control-wrap\" data-name=\"checkbox-572\"><span class=\"wpcf7-form-control wpcf7-checkbox wpcf7-validates-as-required form-checkbox\"><span class=\"wpcf7-list-item first last\"><label><input type=\"checkbox\" name=\"checkbox-572[]\" value=\"Sunt de acord cu politica de prelucrare a datelor cu caracter personal\" \/><span class=\"wpcf7-list-item-label\">I agree to the Privacy policy.<\/span><\/label><\/span><\/span><\/span><\/p>\n<div class=\"button-div\"><input type=\"submit\" value=\"REQUEST AN OFFER\" class=\"wpcf7-form-control has-spinner wpcf7-submit form-button\" \/><\/div>\n<\/div>\n<\/div>\n<div class=\"wpcf7-response-output\" aria-hidden=\"true\"><\/div><input type=\"hidden\" name=\"trp-form-language\" value=\"en\"\/><\/form><\/div>\n\n\n\n<figure class=\"wp-block-image size-full orange-circle\"><img loading=\"lazy\" decoding=\"async\" width=\"38\" height=\"38\" src=\"http:\/\/optimized63241cc15f0e8.cloud.bunnyroute.com\/wp-content\/uploads\/2022\/10\/Ellipse-25.png\" alt=\"\" class=\"wp-image-203\"\/><\/figure>\n\n\n\n<figure class=\"wp-block-image size-full green-elipse\"><img loading=\"lazy\" decoding=\"async\" width=\"161\" height=\"149\" src=\"https:\/\/optimized63241cc15f0e8.cloud.bunnyroute.com\/wp-content\/uploads\/2022\/10\/Ellipse-33.png\" alt=\"\" class=\"wp-image-513\"\/><\/figure>\n<\/div>","protected":false},"excerpt":{"rendered":"<p>Cursuri Digital Marketing Indiferent de specificul business-ului t\u0103u, marketingul digital nu mai e demult o op\u021biune. Clien\u021bii t\u0103i sunt online, iar primul lucru pe care \u00eel fac atunci c\u00e2nd \u00ee\u0219i doresc s\u0103 cumpere un serviciu sau un produs este s\u0103-l caute online. \u00cen acest context, este mai important ca niciodat\u0103 s\u0103 te asiguri c\u0103: Noi [&hellip;]<\/p>","protected":false},"author":1,"featured_media":0,"parent":0,"menu_order":0,"comment_status":"closed","ping_status":"closed","template":"","meta":{"footnotes":""},"class_list":["post-17","page","type-page","status-publish","hentry"],"yoast_head":"<!-- This site is optimized with the Yoast SEO plugin v19.14 - https:\/\/yoast.com\/wordpress\/plugins\/seo\/ -->\n<title>Cursuri - Bunnyshell Wordpress<\/title>\n<meta name=\"robots\" content=\"index, follow, max-snippet:-1, max-image-preview:large, max-video-preview:-1\" \/>\n<link rel=\"canonical\" href=\"http:\/\/optimized63241cc15f0e8.cloud.bunnyroute.com\/en\/cursuri\/\" \/>\n<meta property=\"og:locale\" content=\"en_US\" \/>\n<meta property=\"og:type\" content=\"article\" \/>\n<meta property=\"og:title\" content=\"Cursuri - Bunnyshell Wordpress\" \/>\n<meta property=\"og:description\" content=\"Cursuri Digital Marketing Indiferent de specificul business-ului t\u0103u, marketingul digital nu mai e demult o op\u021biune. Clien\u021bii t\u0103i sunt online, iar primul lucru pe care \u00eel fac atunci c\u00e2nd \u00ee\u0219i doresc s\u0103 cumpere un serviciu sau un produs este s\u0103-l caute online. \u00cen acest context, este mai important ca niciodat\u0103 s\u0103 te asiguri c\u0103: Noi [&hellip;]\" \/>\n<meta property=\"og:url\" content=\"http:\/\/optimized63241cc15f0e8.cloud.bunnyroute.com\/en\/cursuri\/\" \/>\n<meta property=\"og:site_name\" content=\"Bunnyshell Wordpress\" \/>\n<meta property=\"article:modified_time\" content=\"2022-12-21T11:17:08+00:00\" \/>\n<meta property=\"og:image\" content=\"https:\/\/optimized63241cc15f0e8.cloud.bunnyroute.com\/wp-content\/uploads\/2022\/10\/Ellipse-22-1.png\" \/>\n<meta name=\"twitter:card\" content=\"summary_large_image\" \/>\n<meta name=\"twitter:label1\" content=\"Est. reading time\" \/>\n\t<meta name=\"twitter:data1\" content=\"2 minutes\" \/>\n<script type=\"application\/ld+json\" class=\"yoast-schema-graph\">{\"@context\":\"https:\/\/schema.org\",\"@graph\":[{\"@type\":\"WebPage\",\"@id\":\"http:\/\/optimized63241cc15f0e8.cloud.bunnyroute.com\/en\/cursuri\/\",\"url\":\"http:\/\/optimized63241cc15f0e8.cloud.bunnyroute.com\/en\/cursuri\/\",\"name\":\"Cursuri - Bunnyshell Wordpress\",\"isPartOf\":{\"@id\":\"http:\/\/optimized63241cc15f0e8.cloud.bunnyroute.com\/en\/#website\"},\"datePublished\":\"2022-09-16T07:56:03+00:00\",\"dateModified\":\"2022-12-21T11:17:08+00:00\",\"breadcrumb\":{\"@id\":\"http:\/\/optimized63241cc15f0e8.cloud.bunnyroute.com\/en\/cursuri\/#breadcrumb\"},\"inLanguage\":\"en-US\",\"potentialAction\":[{\"@type\":\"ReadAction\",\"target\":[\"http:\/\/optimized63241cc15f0e8.cloud.bunnyroute.com\/en\/cursuri\/\"]}]},{\"@type\":\"BreadcrumbList\",\"@id\":\"http:\/\/optimized63241cc15f0e8.cloud.bunnyroute.com\/en\/cursuri\/#breadcrumb\",\"itemListElement\":[{\"@type\":\"ListItem\",\"position\":1,\"name\":\"Home\",\"item\":\"http:\/\/optimized63241cc15f0e8.cloud.bunnyroute.com\/en\/\"},{\"@type\":\"ListItem\",\"position\":2,\"name\":\"Cursuri\"}]},{\"@type\":\"WebSite\",\"@id\":\"http:\/\/optimized63241cc15f0e8.cloud.bunnyroute.com\/en\/#website\",\"url\":\"http:\/\/optimized63241cc15f0e8.cloud.bunnyroute.com\/en\/\",\"name\":\"Bunnyshell Wordpress\",\"description\":\"Just another WordPress site\",\"publisher\":{\"@id\":\"http:\/\/optimized63241cc15f0e8.cloud.bunnyroute.com\/en\/#organization\"},\"potentialAction\":[{\"@type\":\"SearchAction\",\"target\":{\"@type\":\"EntryPoint\",\"urlTemplate\":\"http:\/\/optimized63241cc15f0e8.cloud.bunnyroute.com\/en\/?s={search_term_string}\"},\"query-input\":\"required name=search_term_string\"}],\"inLanguage\":\"en-US\"},{\"@type\":\"Organization\",\"@id\":\"http:\/\/optimized63241cc15f0e8.cloud.bunnyroute.com\/en\/#organization\",\"name\":\"Bunnyshell Wordpress\",\"url\":\"http:\/\/optimized63241cc15f0e8.cloud.bunnyroute.com\/en\/\",\"logo\":{\"@type\":\"ImageObject\",\"inLanguage\":\"en-US\",\"@id\":\"http:\/\/optimized63241cc15f0e8.cloud.bunnyroute.com\/en\/#\/schema\/logo\/image\/\",\"url\":\"http:\/\/optimized63241cc15f0e8.cloud.bunnyroute.com\/wp-content\/uploads\/2022\/09\/logo-editat-1.png\",\"contentUrl\":\"http:\/\/optimized63241cc15f0e8.cloud.bunnyroute.com\/wp-content\/uploads\/2022\/09\/logo-editat-1.png\",\"width\":147,\"height\":32,\"caption\":\"Bunnyshell Wordpress\"},\"image\":{\"@id\":\"http:\/\/optimized63241cc15f0e8.cloud.bunnyroute.com\/en\/#\/schema\/logo\/image\/\"}}]}<\/script>\n<!-- \/ Yoast SEO plugin. -->","yoast_head_json":{"title":"Cursuri - Bunnyshell Wordpress","robots":{"index":"index","follow":"follow","max-snippet":"max-snippet:-1","max-image-preview":"max-image-preview:large","max-video-preview":"max-video-preview:-1"},"canonical":"http:\/\/optimized63241cc15f0e8.cloud.bunnyroute.com\/en\/cursuri\/","og_locale":"en_US","og_type":"article","og_title":"Cursuri - Bunnyshell Wordpress","og_description":"Cursuri Digital Marketing Indiferent de specificul business-ului t\u0103u, marketingul digital nu mai e demult o op\u021biune. Clien\u021bii t\u0103i sunt online, iar primul lucru pe care \u00eel fac atunci c\u00e2nd \u00ee\u0219i doresc s\u0103 cumpere un serviciu sau un produs este s\u0103-l caute online. \u00cen acest context, este mai important ca niciodat\u0103 s\u0103 te asiguri c\u0103: Noi [&hellip;]","og_url":"http:\/\/optimized63241cc15f0e8.cloud.bunnyroute.com\/en\/cursuri\/","og_site_name":"Bunnyshell Wordpress","article_modified_time":"2022-12-21T11:17:08+00:00","og_image":[{"url":"https:\/\/optimized63241cc15f0e8.cloud.bunnyroute.com\/wp-content\/uploads\/2022\/10\/Ellipse-22-1.png"}],"twitter_card":"summary_large_image","twitter_misc":{"Est. reading time":"2 minutes"},"schema":{"@context":"https:\/\/schema.org","@graph":[{"@type":"WebPage","@id":"http:\/\/optimized63241cc15f0e8.cloud.bunnyroute.com\/en\/cursuri\/","url":"http:\/\/optimized63241cc15f0e8.cloud.bunnyroute.com\/en\/cursuri\/","name":"Cursuri - Bunnyshell Wordpress","isPartOf":{"@id":"http:\/\/optimized63241cc15f0e8.cloud.bunnyroute.com\/en\/#website"},"datePublished":"2022-09-16T07:56:03+00:00","dateModified":"2022-12-21T11:17:08+00:00","breadcrumb":{"@id":"http:\/\/optimized63241cc15f0e8.cloud.bunnyroute.com\/en\/cursuri\/#breadcrumb"},"inLanguage":"en-US","potentialAction":[{"@type":"ReadAction","target":["http:\/\/optimized63241cc15f0e8.cloud.bunnyroute.com\/en\/cursuri\/"]}]},{"@type":"BreadcrumbList","@id":"http:\/\/optimized63241cc15f0e8.cloud.bunnyroute.com\/en\/cursuri\/#breadcrumb","itemListElement":[{"@type":"ListItem","position":1,"name":"Home","item":"http:\/\/optimized63241cc15f0e8.cloud.bunnyroute.com\/en\/"},{"@type":"ListItem","position":2,"name":"Cursuri"}]},{"@type":"WebSite","@id":"http:\/\/optimized63241cc15f0e8.cloud.bunnyroute.com\/en\/#website","url":"http:\/\/optimized63241cc15f0e8.cloud.bunnyroute.com\/en\/","name":"Bunnyshell Wordpress","description":"Just another WordPress site","publisher":{"@id":"http:\/\/optimized63241cc15f0e8.cloud.bunnyroute.com\/en\/#organization"},"potentialAction":[{"@type":"SearchAction","target":{"@type":"EntryPoint","urlTemplate":"http:\/\/optimized63241cc15f0e8.cloud.bunnyroute.com\/en\/?s={search_term_string}"},"query-input":"required name=search_term_string"}],"inLanguage":"en-US"},{"@type":"Organization","@id":"http:\/\/optimized63241cc15f0e8.cloud.bunnyroute.com\/en\/#organization","name":"Bunnyshell Wordpress","url":"http:\/\/optimized63241cc15f0e8.cloud.bunnyroute.com\/en\/","logo":{"@type":"ImageObject","inLanguage":"en-US","@id":"http:\/\/optimized63241cc15f0e8.cloud.bunnyroute.com\/en\/#\/schema\/logo\/image\/","url":"http:\/\/optimized63241cc15f0e8.cloud.bunnyroute.com\/wp-content\/uploads\/2022\/09\/logo-editat-1.png","contentUrl":"http:\/\/optimized63241cc15f0e8.cloud.bunnyroute.com\/wp-content\/uploads\/2022\/09\/logo-editat-1.png","width":147,"height":32,"caption":"Bunnyshell Wordpress"},"image":{"@id":"http:\/\/optimized63241cc15f0e8.cloud.bunnyroute.com\/en\/#\/schema\/logo\/image\/"}}]}},"_links":{"self":[{"href":"http:\/\/optimized63241cc15f0e8.cloud.bunnyroute.com\/en\/wp-json\/wp\/v2\/pages\/17","targetHints":{"allow":["GET"]}}],"collection":[{"href":"http:\/\/optimized63241cc15f0e8.cloud.bunnyroute.com\/en\/wp-json\/wp\/v2\/pages"}],"about":[{"href":"http:\/\/optimized63241cc15f0e8.cloud.bunnyroute.com\/en\/wp-json\/wp\/v2\/types\/page"}],"author":[{"embeddable":true,"href":"http:\/\/optimized63241cc15f0e8.cloud.bunnyroute.com\/en\/wp-json\/wp\/v2\/users\/1"}],"replies":[{"embeddable":true,"href":"http:\/\/optimized63241cc15f0e8.cloud.bunnyroute.com\/en\/wp-json\/wp\/v2\/comments?post=17"}],"version-history":[{"count":28,"href":"http:\/\/optimized63241cc15f0e8.cloud.bunnyroute.com\/en\/wp-json\/wp\/v2\/pages\/17\/revisions"}],"predecessor-version":[{"id":2409,"href":"http:\/\/optimized63241cc15f0e8.cloud.bunnyroute.com\/en\/wp-json\/wp\/v2\/pages\/17\/revisions\/2409"}],"wp:attachment":[{"href":"http:\/\/optimized63241cc15f0e8.cloud.bunnyroute.com\/en\/wp-json\/wp\/v2\/media?parent=17"}],"curies":[{"name":"wp","href":"https:\/\/api.w.org\/{rel}","templated":true}]}}