{"id":1770,"date":"2022-12-09T09:25:28","date_gmt":"2022-12-09T09:25:28","guid":{"rendered":"https:\/\/optimized63241cc15f0e8.cloud.bunnyroute.com\/?page_id=1770"},"modified":"2022-12-21T11:02:29","modified_gmt":"2022-12-21T11:02:29","slug":"audit-ppc","status":"publish","type":"page","link":"http:\/\/optimized63241cc15f0e8.cloud.bunnyroute.com\/en\/audit-ppc\/","title":{"rendered":"What should you know about an PPC audit?"},"content":{"rendered":"<div class=\"wp-block-group full-width-container strategie-container ppc-marketing audit is-layout-flow wp-block-group-is-layout-flow\">\n<figure class=\"wp-block-image size-full orange-elipse\"><img loading=\"lazy\" decoding=\"async\" width=\"182\" height=\"265\" src=\"https:\/\/optimized63241cc15f0e8.cloud.bunnyroute.com\/wp-content\/uploads\/2022\/10\/Ellipse-22-1.png\" alt=\"\" class=\"wp-image-493\"\/><\/figure>\n\n\n\n<div class=\"wp-block-columns strategie-columns is-layout-flex wp-container-core-columns-is-layout-28f84493 wp-block-columns-is-layout-flex\">\n<div class=\"wp-block-column is-layout-flow wp-block-column-is-layout-flow\">\n<div class=\"wp-block-group strategie-group is-layout-flow wp-block-group-is-layout-flow\">\n<p class=\"cover-big-title\"><strong><strong>What should you know about an PPC audit?<\/strong><\/strong><\/p>\n\n\n\n<p class=\"strategie-basic-info translation-block\">Not satisfied with the performance of your Google Ads, Instagram Ads or Facebook Ads campaigns? Then, you should consider the idea of a <strong>PPC audit.<\/strong><\/p>\n\n\n\n<p class=\"strategie-basic-info translation-block\"><strong>A PPC audit <\/strong>is an effective way to <strong>analyze the PPC campaigns <\/strong>you run based on clear performance indicators and be able to identify any problems or mistakes that prevent you from achieving the expected results or business objectives.<\/p>\n\n\n\n<div class=\"wp-block-buttons is-layout-flex wp-block-buttons-is-layout-flex\">\n<div class=\"wp-block-button white-box-button optimized-button\"><a class=\"wp-block-button__link wp-element-button\" href=\"http:\/\/optimized63241cc15f0e8.cloud.bunnyroute.com\/en\/contact\/\">FIND OUT MORE<\/a><\/div>\n<\/div>\n<\/div>\n<\/div>\n\n\n\n<div class=\"wp-block-column strategie-img-column is-layout-flow wp-block-column-is-layout-flow\">\n<figure class=\"wp-block-image size-large animated fadeIn\"><img loading=\"lazy\" decoding=\"async\" width=\"1024\" height=\"465\" src=\"https:\/\/optimized63241cc15f0e8.cloud.bunnyroute.com\/wp-content\/uploads\/2022\/12\/iStock-1411630113-1024x465.jpg\" alt=\"\" class=\"wp-image-2175\" srcset=\"http:\/\/optimized63241cc15f0e8.cloud.bunnyroute.com\/wp-content\/uploads\/2022\/12\/iStock-1411630113-1024x465.jpg 1024w, http:\/\/optimized63241cc15f0e8.cloud.bunnyroute.com\/wp-content\/uploads\/2022\/12\/iStock-1411630113-300x136.jpg 300w, http:\/\/optimized63241cc15f0e8.cloud.bunnyroute.com\/wp-content\/uploads\/2022\/12\/iStock-1411630113-768x349.jpg 768w, http:\/\/optimized63241cc15f0e8.cloud.bunnyroute.com\/wp-content\/uploads\/2022\/12\/iStock-1411630113-1536x697.jpg 1536w, http:\/\/optimized63241cc15f0e8.cloud.bunnyroute.com\/wp-content\/uploads\/2022\/12\/iStock-1411630113-2048x929.jpg 2048w, http:\/\/optimized63241cc15f0e8.cloud.bunnyroute.com\/wp-content\/uploads\/2022\/12\/iStock-1411630113-18x8.jpg 18w\" sizes=\"auto, (max-width: 1024px) 100vw, 1024px\" \/><\/figure>\n<\/div>\n<\/div>\n<\/div>\n\n\n\n<div class=\"wp-block-group green-framework full-width-container ppc-marketing is-layout-flow wp-block-group-is-layout-flow\">\n<figure class=\"wp-block-image size-full green-elipse\"><img loading=\"lazy\" decoding=\"async\" width=\"138\" height=\"259\" src=\"https:\/\/optimized63241cc15f0e8.cloud.bunnyroute.com\/wp-content\/uploads\/2022\/10\/Ellipse-31.png\" alt=\"\" class=\"wp-image-495\"\/><\/figure>\n\n\n\n<div class=\"wp-block-columns basic-container green-columns is-layout-flex wp-container-core-columns-is-layout-28f84493 wp-block-columns-is-layout-flex\">\n<div class=\"wp-block-column framework-text-column animated fadeInLeft is-layout-flow wp-block-column-is-layout-flow\">\n<div class=\"wp-block-group framework-text-group is-layout-flow wp-block-group-is-layout-flow\">\n<h2 class=\"white-box-title wp-block-heading\">Following the analysis underlying a PPC audit, you will receive:<\/h2>\n\n\n\n<ul class=\"wp-block-list\">\n<li class=\"green-box-info\">a report summarizing all the problems that have been detected<\/li>\n\n\n\n<li class=\"green-box-info\">as well as suggested solutions to fix these problems<\/li>\n<\/ul>\n\n\n\n<p class=\"green-box-info translation-block\">In general, a <strong>PPC audit <\/strong>can also provide a lot of valuable insights, which can be used later to improve various other aspects related to the online strategy of your business.<\/p>\n<\/div>\n<\/div>\n\n\n\n<div class=\"wp-block-column framework-boxes-column animated fadeInLeft is-layout-flow wp-block-column-is-layout-flow\">\n<div class=\"wp-block-group is-layout-flow wp-block-group-is-layout-flow\">\n<h2 class=\"white-box-title wp-block-heading\">&nbsp;PPC audit in-house or with an agency?<\/h2>\n\n\n\n<p class=\"green-box-info\">There are a lot of automated tools and services on the market for you to conduct a PPC audit, but keep in mind that these automated services offer general and algorithm-based solutions, so the personalized context is missing.<\/p>\n\n\n\n<p class=\"green-box-info translation-block\">In the absence of a personalized context, <strong>customized solutions<\/strong> will also be missing.  Here comes the role of a specialized agency which can offer you solutions related to your marketing objectives, target audience etc.<\/p>\n\n\n\n<p class=\"green-box-info translation-block\">Optimized helps you with a <strong>very detailed and personalized audit<\/strong>, conducted by our experts (our team consists only of PPC specialists and Google certified specialists who also have extensive experience in e-commerce).<\/p>\n\n\n\n<p class=\"green-box-info\">We do not use tools precisely because we strongly believe in the relevance of a personalized audit conducted by an expert capable of correctly interpreting the results of the PPC audit.<\/p>\n<\/div>\n<\/div>\n<\/div>\n\n\n\n<figure class=\"wp-block-image size-full orange-elipse-cut\"><img loading=\"lazy\" decoding=\"async\" width=\"195\" height=\"287\" src=\"https:\/\/optimized63241cc15f0e8.cloud.bunnyroute.com\/wp-content\/uploads\/2022\/10\/Ellipse-39.png\" alt=\"\" class=\"wp-image-511\"\/><\/figure>\n<\/div>\n\n\n\n<div class=\"wp-block-group basic-container form-container is-layout-flow wp-block-group-is-layout-flow\">\n<figure class=\"wp-block-image size-full orange-elipse\"><img loading=\"lazy\" decoding=\"async\" width=\"104\" height=\"96\" src=\"https:\/\/optimized63241cc15f0e8.cloud.bunnyroute.com\/wp-content\/uploads\/2022\/10\/Ellipse-34.png\" alt=\"\" class=\"wp-image-512\"\/><\/figure>\n\n\n\n<figure class=\"wp-block-image size-full green-circle\"><img loading=\"lazy\" decoding=\"async\" width=\"56\" height=\"56\" src=\"http:\/\/optimized63241cc15f0e8.cloud.bunnyroute.com\/wp-content\/uploads\/2022\/10\/Ellipse-24.png\" alt=\"\" class=\"wp-image-202\"\/><\/figure>\n\n\n\n<p class=\"white-box-title\">Let's get to know each other!<\/p>\n\n\n<div role=\"form\" class=\"wpcf7\" id=\"wpcf7-f2363-o1\" lang=\"en-US\" dir=\"ltr\">\n<div class=\"screen-reader-response\"><p role=\"status\" aria-live=\"polite\" aria-atomic=\"true\"><\/p> <ul><\/ul><\/div>\n<form action=\"\/en\/wp-json\/wp\/v2\/pages\/1770#wpcf7-f2363-o1\" method=\"post\" class=\"wpcf7-form init\" novalidate=\"novalidate\" data-status=\"init\" data-trp-original-action=\"\/en\/wp-json\/wp\/v2\/pages\/1770#wpcf7-f2363-o1\">\n<div style=\"display: none;\">\n<input type=\"hidden\" name=\"_wpcf7\" value=\"2363\" \/>\n<input type=\"hidden\" name=\"_wpcf7_version\" value=\"5.6.4\" \/>\n<input type=\"hidden\" name=\"_wpcf7_locale\" value=\"en_US\" \/>\n<input type=\"hidden\" name=\"_wpcf7_unit_tag\" value=\"wpcf7-f2363-o1\" \/>\n<input type=\"hidden\" name=\"_wpcf7_container_post\" value=\"0\" \/>\n<input type=\"hidden\" name=\"_wpcf7_posted_data_hash\" value=\"\" \/>\n<\/div>\n<div class=\"optimized-form-container\">\n<div class=\"nume-prenume-group\">\n<div class=\"nume-div\">\n      <span class=\"wpcf7-form-control-wrap\" data-name=\"nume\"><input type=\"text\" name=\"nume\" value=\"\" size=\"40\" class=\"wpcf7-form-control wpcf7-text wpcf7-validates-as-required\" aria-required=\"true\" aria-invalid=\"false\" placeholder=\"Name\" \/><\/span>\n    <\/div>\n<div class=\"prenume-div\">\n      <span class=\"wpcf7-form-control-wrap\" data-name=\"prenume\"><input type=\"text\" name=\"prenume\" value=\"\" size=\"40\" class=\"wpcf7-form-control wpcf7-text wpcf7-validates-as-required\" aria-required=\"true\" aria-invalid=\"false\" placeholder=\"First name\" \/><\/span>\n    <\/div>\n<\/div>\n<div class=\"telefon-email-group\">\n<div class=\"telefon-div\">\n      <span class=\"wpcf7-form-control-wrap\" data-name=\"tel-357\"><input type=\"tel\" name=\"tel-357\" value=\"\" size=\"40\" class=\"wpcf7-form-control wpcf7-text wpcf7-tel wpcf7-validates-as-required wpcf7-validates-as-tel\" aria-required=\"true\" aria-invalid=\"false\" placeholder=\"Phone number\" \/><\/span>\n    <\/div>\n<div class=\"email-div\">\n      <span class=\"wpcf7-form-control-wrap\" data-name=\"email\"><input type=\"email\" name=\"email\" value=\"\" size=\"40\" class=\"wpcf7-form-control wpcf7-text wpcf7-email wpcf7-validates-as-required wpcf7-validates-as-email\" aria-required=\"true\" aria-invalid=\"false\" placeholder=\"Email\" \/><\/span>\n    <\/div>\n<\/div>\n<div class=\"mesaj-group\">\n    <span class=\"wpcf7-form-control-wrap\" data-name=\"mesajul-tau\"><textarea name=\"mesajul-tau\" cols=\"40\" rows=\"10\" class=\"wpcf7-form-control wpcf7-textarea\" aria-invalid=\"false\" placeholder=\"Message\"><\/textarea><\/span>\n  <\/div>\n<div class=\"check-button-group\">\n    <span class=\"wpcf7-form-control-wrap\" data-name=\"checkbox-572\"><span class=\"wpcf7-form-control wpcf7-checkbox wpcf7-validates-as-required form-checkbox\"><span class=\"wpcf7-list-item first last\"><label><input type=\"checkbox\" name=\"checkbox-572[]\" value=\"Sunt de acord cu politica de prelucrare a datelor cu caracter personal\" \/><span class=\"wpcf7-list-item-label\">I agree to the Privacy policy.<\/span><\/label><\/span><\/span><\/span><\/p>\n<div class=\"button-div\"><input type=\"submit\" value=\"REQUEST AN OFFER\" class=\"wpcf7-form-control has-spinner wpcf7-submit form-button\" \/><\/div>\n<\/div>\n<\/div>\n<div class=\"wpcf7-response-output\" aria-hidden=\"true\"><\/div><input type=\"hidden\" name=\"trp-form-language\" value=\"en\"\/><\/form><\/div>\n\n\n\n<figure class=\"wp-block-image size-full orange-circle\"><img loading=\"lazy\" decoding=\"async\" width=\"38\" height=\"38\" src=\"http:\/\/optimized63241cc15f0e8.cloud.bunnyroute.com\/wp-content\/uploads\/2022\/10\/Ellipse-25.png\" alt=\"\" class=\"wp-image-203\"\/><\/figure>\n\n\n\n<figure class=\"wp-block-image size-full green-elipse\"><img loading=\"lazy\" decoding=\"async\" width=\"161\" height=\"149\" src=\"https:\/\/optimized63241cc15f0e8.cloud.bunnyroute.com\/wp-content\/uploads\/2022\/10\/Ellipse-33.png\" alt=\"\" class=\"wp-image-513\"\/><\/figure>\n<\/div>","protected":false},"excerpt":{"rendered":"<p>Audit PPC &#8211; Tot ce ar trebui s\u0103 \u0219tii Nu e\u0219ti mul\u021bumit de performan\u021ba campaniilor tale de Google Ads, Instagram Ads sau Facebook Ads? Atunci ai putea lua \u00een considerare ideea unui audit PPC Un audit PPC reprezint\u0103 o modalitate eficient\u0103 de a analiza campaniile de performance marketing pe care le derulezi \u00een baza unor [&hellip;]<\/p>","protected":false},"author":1,"featured_media":0,"parent":0,"menu_order":0,"comment_status":"closed","ping_status":"closed","template":"","meta":{"footnotes":""},"class_list":["post-1770","page","type-page","status-publish","hentry"],"yoast_head":"<!-- This site is optimized with the Yoast SEO plugin v19.14 - https:\/\/yoast.com\/wordpress\/plugins\/seo\/ -->\n<title>Audit PPC - Tot ce ar trebui s\u0103 \u0219tii - Bunnyshell Wordpress<\/title>\n<meta name=\"robots\" content=\"index, follow, max-snippet:-1, max-image-preview:large, max-video-preview:-1\" \/>\n<link rel=\"canonical\" href=\"http:\/\/optimized63241cc15f0e8.cloud.bunnyroute.com\/en\/audit-ppc\/\" \/>\n<meta property=\"og:locale\" content=\"en_US\" \/>\n<meta property=\"og:type\" content=\"article\" \/>\n<meta property=\"og:title\" content=\"Audit PPC - Tot ce ar trebui s\u0103 \u0219tii - Bunnyshell Wordpress\" \/>\n<meta property=\"og:description\" content=\"Audit PPC &#8211; Tot ce ar trebui s\u0103 \u0219tii Nu e\u0219ti mul\u021bumit de performan\u021ba campaniilor tale de Google Ads, Instagram Ads sau Facebook Ads? Atunci ai putea lua \u00een considerare ideea unui audit PPC Un audit PPC reprezint\u0103 o modalitate eficient\u0103 de a analiza campaniile de performance marketing pe care le derulezi \u00een baza unor [&hellip;]\" \/>\n<meta property=\"og:url\" content=\"http:\/\/optimized63241cc15f0e8.cloud.bunnyroute.com\/en\/audit-ppc\/\" \/>\n<meta property=\"og:site_name\" content=\"Bunnyshell Wordpress\" \/>\n<meta property=\"article:modified_time\" content=\"2022-12-21T11:02:29+00:00\" \/>\n<meta property=\"og:image\" content=\"https:\/\/optimized63241cc15f0e8.cloud.bunnyroute.com\/wp-content\/uploads\/2022\/10\/Ellipse-22-1.png\" \/>\n<meta name=\"twitter:card\" content=\"summary_large_image\" \/>\n<meta name=\"twitter:label1\" content=\"Est. reading time\" \/>\n\t<meta name=\"twitter:data1\" content=\"2 minutes\" \/>\n<script type=\"application\/ld+json\" class=\"yoast-schema-graph\">{\"@context\":\"https:\/\/schema.org\",\"@graph\":[{\"@type\":\"WebPage\",\"@id\":\"http:\/\/optimized63241cc15f0e8.cloud.bunnyroute.com\/en\/audit-ppc\/\",\"url\":\"http:\/\/optimized63241cc15f0e8.cloud.bunnyroute.com\/en\/audit-ppc\/\",\"name\":\"Audit PPC - Tot ce ar trebui s\u0103 \u0219tii - Bunnyshell Wordpress\",\"isPartOf\":{\"@id\":\"http:\/\/optimized63241cc15f0e8.cloud.bunnyroute.com\/#website\"},\"datePublished\":\"2022-12-09T09:25:28+00:00\",\"dateModified\":\"2022-12-21T11:02:29+00:00\",\"breadcrumb\":{\"@id\":\"http:\/\/optimized63241cc15f0e8.cloud.bunnyroute.com\/en\/audit-ppc\/#breadcrumb\"},\"inLanguage\":\"en-US\",\"potentialAction\":[{\"@type\":\"ReadAction\",\"target\":[\"http:\/\/optimized63241cc15f0e8.cloud.bunnyroute.com\/en\/audit-ppc\/\"]}]},{\"@type\":\"BreadcrumbList\",\"@id\":\"http:\/\/optimized63241cc15f0e8.cloud.bunnyroute.com\/en\/audit-ppc\/#breadcrumb\",\"itemListElement\":[{\"@type\":\"ListItem\",\"position\":1,\"name\":\"Home\",\"item\":\"http:\/\/optimized63241cc15f0e8.cloud.bunnyroute.com\/\"},{\"@type\":\"ListItem\",\"position\":2,\"name\":\"Audit PPC &#8211; Tot ce ar trebui s\u0103 \u0219tii\"}]},{\"@type\":\"WebSite\",\"@id\":\"http:\/\/optimized63241cc15f0e8.cloud.bunnyroute.com\/#website\",\"url\":\"http:\/\/optimized63241cc15f0e8.cloud.bunnyroute.com\/\",\"name\":\"Bunnyshell Wordpress\",\"description\":\"Just another WordPress site\",\"publisher\":{\"@id\":\"http:\/\/optimized63241cc15f0e8.cloud.bunnyroute.com\/#organization\"},\"potentialAction\":[{\"@type\":\"SearchAction\",\"target\":{\"@type\":\"EntryPoint\",\"urlTemplate\":\"http:\/\/optimized63241cc15f0e8.cloud.bunnyroute.com\/?s={search_term_string}\"},\"query-input\":\"required name=search_term_string\"}],\"inLanguage\":\"en-US\"},{\"@type\":\"Organization\",\"@id\":\"http:\/\/optimized63241cc15f0e8.cloud.bunnyroute.com\/#organization\",\"name\":\"Bunnyshell Wordpress\",\"url\":\"http:\/\/optimized63241cc15f0e8.cloud.bunnyroute.com\/\",\"logo\":{\"@type\":\"ImageObject\",\"inLanguage\":\"en-US\",\"@id\":\"http:\/\/optimized63241cc15f0e8.cloud.bunnyroute.com\/#\/schema\/logo\/image\/\",\"url\":\"http:\/\/optimized63241cc15f0e8.cloud.bunnyroute.com\/wp-content\/uploads\/2022\/09\/logo-editat-1.png\",\"contentUrl\":\"http:\/\/optimized63241cc15f0e8.cloud.bunnyroute.com\/wp-content\/uploads\/2022\/09\/logo-editat-1.png\",\"width\":147,\"height\":32,\"caption\":\"Bunnyshell Wordpress\"},\"image\":{\"@id\":\"http:\/\/optimized63241cc15f0e8.cloud.bunnyroute.com\/#\/schema\/logo\/image\/\"}}]}<\/script>\n<!-- \/ Yoast SEO plugin. -->","yoast_head_json":{"title":"Audit PPC - Tot ce ar trebui s\u0103 \u0219tii - Bunnyshell Wordpress","robots":{"index":"index","follow":"follow","max-snippet":"max-snippet:-1","max-image-preview":"max-image-preview:large","max-video-preview":"max-video-preview:-1"},"canonical":"http:\/\/optimized63241cc15f0e8.cloud.bunnyroute.com\/en\/audit-ppc\/","og_locale":"en_US","og_type":"article","og_title":"Audit PPC - Tot ce ar trebui s\u0103 \u0219tii - Bunnyshell Wordpress","og_description":"Audit PPC &#8211; Tot ce ar trebui s\u0103 \u0219tii Nu e\u0219ti mul\u021bumit de performan\u021ba campaniilor tale de Google Ads, Instagram Ads sau Facebook Ads? Atunci ai putea lua \u00een considerare ideea unui audit PPC Un audit PPC reprezint\u0103 o modalitate eficient\u0103 de a analiza campaniile de performance marketing pe care le derulezi \u00een baza unor [&hellip;]","og_url":"http:\/\/optimized63241cc15f0e8.cloud.bunnyroute.com\/en\/audit-ppc\/","og_site_name":"Bunnyshell Wordpress","article_modified_time":"2022-12-21T11:02:29+00:00","og_image":[{"url":"https:\/\/optimized63241cc15f0e8.cloud.bunnyroute.com\/wp-content\/uploads\/2022\/10\/Ellipse-22-1.png"}],"twitter_card":"summary_large_image","twitter_misc":{"Est. reading time":"2 minutes"},"schema":{"@context":"https:\/\/schema.org","@graph":[{"@type":"WebPage","@id":"http:\/\/optimized63241cc15f0e8.cloud.bunnyroute.com\/en\/audit-ppc\/","url":"http:\/\/optimized63241cc15f0e8.cloud.bunnyroute.com\/en\/audit-ppc\/","name":"Audit PPC - Tot ce ar trebui s\u0103 \u0219tii - Bunnyshell Wordpress","isPartOf":{"@id":"http:\/\/optimized63241cc15f0e8.cloud.bunnyroute.com\/#website"},"datePublished":"2022-12-09T09:25:28+00:00","dateModified":"2022-12-21T11:02:29+00:00","breadcrumb":{"@id":"http:\/\/optimized63241cc15f0e8.cloud.bunnyroute.com\/en\/audit-ppc\/#breadcrumb"},"inLanguage":"en-US","potentialAction":[{"@type":"ReadAction","target":["http:\/\/optimized63241cc15f0e8.cloud.bunnyroute.com\/en\/audit-ppc\/"]}]},{"@type":"BreadcrumbList","@id":"http:\/\/optimized63241cc15f0e8.cloud.bunnyroute.com\/en\/audit-ppc\/#breadcrumb","itemListElement":[{"@type":"ListItem","position":1,"name":"Home","item":"http:\/\/optimized63241cc15f0e8.cloud.bunnyroute.com\/"},{"@type":"ListItem","position":2,"name":"Audit PPC &#8211; Tot ce ar trebui s\u0103 \u0219tii"}]},{"@type":"WebSite","@id":"http:\/\/optimized63241cc15f0e8.cloud.bunnyroute.com\/#website","url":"http:\/\/optimized63241cc15f0e8.cloud.bunnyroute.com\/","name":"Bunnyshell Wordpress","description":"Just another WordPress site","publisher":{"@id":"http:\/\/optimized63241cc15f0e8.cloud.bunnyroute.com\/#organization"},"potentialAction":[{"@type":"SearchAction","target":{"@type":"EntryPoint","urlTemplate":"http:\/\/optimized63241cc15f0e8.cloud.bunnyroute.com\/?s={search_term_string}"},"query-input":"required name=search_term_string"}],"inLanguage":"en-US"},{"@type":"Organization","@id":"http:\/\/optimized63241cc15f0e8.cloud.bunnyroute.com\/#organization","name":"Bunnyshell Wordpress","url":"http:\/\/optimized63241cc15f0e8.cloud.bunnyroute.com\/","logo":{"@type":"ImageObject","inLanguage":"en-US","@id":"http:\/\/optimized63241cc15f0e8.cloud.bunnyroute.com\/#\/schema\/logo\/image\/","url":"http:\/\/optimized63241cc15f0e8.cloud.bunnyroute.com\/wp-content\/uploads\/2022\/09\/logo-editat-1.png","contentUrl":"http:\/\/optimized63241cc15f0e8.cloud.bunnyroute.com\/wp-content\/uploads\/2022\/09\/logo-editat-1.png","width":147,"height":32,"caption":"Bunnyshell Wordpress"},"image":{"@id":"http:\/\/optimized63241cc15f0e8.cloud.bunnyroute.com\/#\/schema\/logo\/image\/"}}]}},"_links":{"self":[{"href":"http:\/\/optimized63241cc15f0e8.cloud.bunnyroute.com\/en\/wp-json\/wp\/v2\/pages\/1770","targetHints":{"allow":["GET"]}}],"collection":[{"href":"http:\/\/optimized63241cc15f0e8.cloud.bunnyroute.com\/en\/wp-json\/wp\/v2\/pages"}],"about":[{"href":"http:\/\/optimized63241cc15f0e8.cloud.bunnyroute.com\/en\/wp-json\/wp\/v2\/types\/page"}],"author":[{"embeddable":true,"href":"http:\/\/optimized63241cc15f0e8.cloud.bunnyroute.com\/en\/wp-json\/wp\/v2\/users\/1"}],"replies":[{"embeddable":true,"href":"http:\/\/optimized63241cc15f0e8.cloud.bunnyroute.com\/en\/wp-json\/wp\/v2\/comments?post=1770"}],"version-history":[{"count":16,"href":"http:\/\/optimized63241cc15f0e8.cloud.bunnyroute.com\/en\/wp-json\/wp\/v2\/pages\/1770\/revisions"}],"predecessor-version":[{"id":2396,"href":"http:\/\/optimized63241cc15f0e8.cloud.bunnyroute.com\/en\/wp-json\/wp\/v2\/pages\/1770\/revisions\/2396"}],"wp:attachment":[{"href":"http:\/\/optimized63241cc15f0e8.cloud.bunnyroute.com\/en\/wp-json\/wp\/v2\/media?parent=1770"}],"curies":[{"name":"wp","href":"https:\/\/api.w.org\/{rel}","templated":true}]}}