{"id":2148,"date":"2022-12-15T09:21:53","date_gmt":"2022-12-15T09:21:53","guid":{"rendered":"https:\/\/optimized63241cc15f0e8.cloud.bunnyroute.com\/?page_id=2148"},"modified":"2023-01-04T13:02:52","modified_gmt":"2023-01-04T13:02:52","slug":"ppc-marketing","status":"publish","type":"page","link":"http:\/\/optimized63241cc15f0e8.cloud.bunnyroute.com\/en\/ppc-marketing\/","title":{"rendered":"PPC Marketing"},"content":{"rendered":"<div class=\"wp-block-group full-width-container strategie-container ppc-marketing is-layout-flow wp-block-group-is-layout-flow\">\n<figure class=\"wp-block-image size-full orange-elipse\"><img loading=\"lazy\" decoding=\"async\" width=\"182\" height=\"265\" src=\"https:\/\/optimized63241cc15f0e8.cloud.bunnyroute.com\/wp-content\/uploads\/2022\/10\/Ellipse-22-1.png\" alt=\"\" class=\"wp-image-493\"\/><\/figure>\n\n\n\n<div class=\"wp-block-columns strategie-columns is-layout-flex wp-container-core-columns-is-layout-28f84493 wp-block-columns-is-layout-flex\">\n<div class=\"wp-block-column is-layout-flow wp-block-column-is-layout-flow\">\n<div class=\"wp-block-group strategie-group is-layout-flow wp-block-group-is-layout-flow\">\n<p class=\"cover-big-title\"><strong>PPC Marketing<\/strong><\/p>\n\n\n\n<p class=\"strategie-basic-info\">Google Ads, Facebook Ads, YouTube Ads, Instagram Ads, Bing Ads: at Optimized we make them all work for you and we constantly optimize their performance, because we focus on obtaining real results that can be easily measured.<\/p>\n\n\n\n<p class=\"strategie-basic-info translation-block\">Studies show that <strong>about 80% of internet users<\/strong> only access the sites in the<strong> top 5 positions <\/strong>on the first page of Google, so your goal should be to have the best possible position.<\/p>\n\n\n\n<p class=\"strategie-basic-info\">You can achieve this using a very well-developed SEO strategy, but you will need time and constant investment to achieve the desired results.<\/p>\n\n\n\n<div class=\"wp-block-buttons is-layout-flex wp-block-buttons-is-layout-flex\">\n<div class=\"wp-block-button white-box-button optimized-button\"><a class=\"wp-block-button__link wp-element-button\" href=\"http:\/\/optimized63241cc15f0e8.cloud.bunnyroute.com\/en\/contact\/\">FIND OUT MORE<\/a><\/div>\n<\/div>\n<\/div>\n<\/div>\n\n\n\n<div class=\"wp-block-column strategie-img-column is-layout-flow wp-block-column-is-layout-flow\">\n<figure class=\"wp-block-image size-large animated fadeIn\"><img loading=\"lazy\" decoding=\"async\" width=\"1024\" height=\"683\" src=\"https:\/\/optimized63241cc15f0e8.cloud.bunnyroute.com\/wp-content\/uploads\/2022\/12\/iStock-623361562-1024x683.jpg\" alt=\"\" class=\"wp-image-2170\" srcset=\"http:\/\/optimized63241cc15f0e8.cloud.bunnyroute.com\/wp-content\/uploads\/2022\/12\/iStock-623361562-1024x683.jpg 1024w, http:\/\/optimized63241cc15f0e8.cloud.bunnyroute.com\/wp-content\/uploads\/2022\/12\/iStock-623361562-300x200.jpg 300w, http:\/\/optimized63241cc15f0e8.cloud.bunnyroute.com\/wp-content\/uploads\/2022\/12\/iStock-623361562-768x512.jpg 768w, http:\/\/optimized63241cc15f0e8.cloud.bunnyroute.com\/wp-content\/uploads\/2022\/12\/iStock-623361562-1536x1024.jpg 1536w, http:\/\/optimized63241cc15f0e8.cloud.bunnyroute.com\/wp-content\/uploads\/2022\/12\/iStock-623361562-2048x1365.jpg 2048w, http:\/\/optimized63241cc15f0e8.cloud.bunnyroute.com\/wp-content\/uploads\/2022\/12\/iStock-623361562-18x12.jpg 18w\" sizes=\"auto, (max-width: 1024px) 100vw, 1024px\" \/><\/figure>\n<\/div>\n<\/div>\n<\/div>\n\n\n\n<div class=\"wp-block-group green-framework full-width-container ppc-marketing is-layout-flow wp-block-group-is-layout-flow\">\n<figure class=\"wp-block-image size-full green-elipse\"><img loading=\"lazy\" decoding=\"async\" width=\"138\" height=\"259\" src=\"https:\/\/optimized63241cc15f0e8.cloud.bunnyroute.com\/wp-content\/uploads\/2022\/10\/Ellipse-31.png\" alt=\"\" class=\"wp-image-495\"\/><\/figure>\n\n\n\n<div class=\"wp-block-columns basic-container green-columns is-layout-flex wp-container-core-columns-is-layout-28f84493 wp-block-columns-is-layout-flex\">\n<div class=\"wp-block-column framework-text-column animated fadeInLeft is-layout-flow wp-block-column-is-layout-flow\">\n<div class=\"wp-block-group framework-text-group is-layout-flow wp-block-group-is-layout-flow\">\n<h2 class=\"white-box-title wp-block-heading\">When do you use PPC marketing services?<\/h2>\n\n\n\n<p class=\"green-box-info\">However, time and constant investment could be a problem for start-up businesses that do not have consistent budgets and the ability to generate revenue large enough in a short time to cover the costs of an SEO strategy. This is where PPC marketing services step in, giving you the opportunity to occupy the first position for a fair price.<\/p>\n\n\n\n<p class=\"green-box-info translation-block\">There is no need to wait any longer to get the desired traffic on the website and increase your sales volume when you are using PPC services \/ PPC advertising \/ PPC campaigns.<\/p>\n\n\n\n<p class=\"green-box-info translation-block\">Choosing to use PPC marketing services will provide you with a huge benefit:  you no longer have a delay in gaining the desired results of site traffic and properly growing your volume of sales. <strong>With PPC marketing services you are able to establish a financial plan by choosing the total cost\/ budget you are willing to spend. <\/strong><\/p>\n<\/div>\n<\/div>\n\n\n\n<div class=\"wp-block-column framework-boxes-column animated fadeInLeft is-layout-flow wp-block-column-is-layout-flow\">\n<div class=\"wp-block-group is-layout-flow wp-block-group-is-layout-flow\">\n<h2 class=\"white-box-title wp-block-heading\">How much do you need to invest in PPC marketing?<\/h2>\n\n\n\n<p class=\"green-box-info\"><strong>PPC (Pay-Per-Click) Advertising<\/strong> can quickly become one of the most performant and powerful online makerking chanell, especially when choosing to collaborate with well-trained specialists.<\/p>\n\n\n\n<p class=\"green-box-info\">The presence of a well-trained PPC marketing specialist is quite notorious in the journey of achieving your business goal by easily enabling the success of your online strategy. However, one of the most fundamental conditions which makes a PPC marketing specialist  truly great is its capacity to properly and intelligently know how to invest your budget by deciding which is the most profitable, cost-effective platform for your business.<\/p>\n\n\n\n<p class=\"green-box-info\">In this particular case, the proper technique which needs to be applied depends on your desired goals, needs and objectives that you want to reach as well as on your business specific.<\/p>\n\n\n\n<p class=\"green-box-info\">Last but not least, if you take into consideration an investment in a <strong>PPC marketing service <\/strong>you have to take into account that this type of assistance will provide you with the best results only when also having at disposal a well-thought SEO strategy.<\/p>\n\n\n\n<p class=\"green-box-info\">Optimized agency offers PPC marketing services by providing not only reasonable prices but also, guaranteeing  the achievement of obtaining <strong>real, quantifiable results<\/strong>.<\/p>\n<\/div>\n<\/div>\n<\/div>\n\n\n\n<figure class=\"wp-block-image size-full orange-elipse-cut\"><img loading=\"lazy\" decoding=\"async\" width=\"195\" height=\"287\" src=\"https:\/\/optimized63241cc15f0e8.cloud.bunnyroute.com\/wp-content\/uploads\/2022\/10\/Ellipse-39.png\" alt=\"\" class=\"wp-image-511\"\/><\/figure>\n<\/div>\n\n\n\n<div class=\"wp-block-group basic-container form-container is-layout-flow wp-block-group-is-layout-flow\">\n<figure class=\"wp-block-image size-full orange-elipse\"><img loading=\"lazy\" decoding=\"async\" width=\"104\" height=\"96\" src=\"https:\/\/optimized63241cc15f0e8.cloud.bunnyroute.com\/wp-content\/uploads\/2022\/10\/Ellipse-34.png\" alt=\"\" class=\"wp-image-512\"\/><\/figure>\n\n\n\n<figure class=\"wp-block-image size-full green-circle\"><img loading=\"lazy\" decoding=\"async\" width=\"56\" height=\"56\" src=\"http:\/\/optimized63241cc15f0e8.cloud.bunnyroute.com\/wp-content\/uploads\/2022\/10\/Ellipse-24.png\" alt=\"\" class=\"wp-image-202\"\/><\/figure>\n\n\n\n<p class=\"white-box-title\">Let's get to know each other!<\/p>\n\n\n<div role=\"form\" class=\"wpcf7\" id=\"wpcf7-f2361-o1\" lang=\"en-US\" dir=\"ltr\">\n<div class=\"screen-reader-response\"><p role=\"status\" aria-live=\"polite\" aria-atomic=\"true\"><\/p> <ul><\/ul><\/div>\n<form action=\"\/en\/wp-json\/wp\/v2\/pages\/2148#wpcf7-f2361-o1\" method=\"post\" class=\"wpcf7-form init\" novalidate=\"novalidate\" data-status=\"init\" data-trp-original-action=\"\/en\/wp-json\/wp\/v2\/pages\/2148#wpcf7-f2361-o1\">\n<div style=\"display: none;\">\n<input type=\"hidden\" name=\"_wpcf7\" value=\"2361\" \/>\n<input type=\"hidden\" name=\"_wpcf7_version\" value=\"5.6.4\" \/>\n<input type=\"hidden\" name=\"_wpcf7_locale\" value=\"en_US\" \/>\n<input type=\"hidden\" name=\"_wpcf7_unit_tag\" value=\"wpcf7-f2361-o1\" \/>\n<input type=\"hidden\" name=\"_wpcf7_container_post\" value=\"0\" \/>\n<input type=\"hidden\" name=\"_wpcf7_posted_data_hash\" value=\"\" \/>\n<\/div>\n<div class=\"optimized-form-container\">\n<div class=\"nume-prenume-group\">\n<div class=\"nume-div\">\n      <span class=\"wpcf7-form-control-wrap\" data-name=\"nume\"><input type=\"text\" name=\"nume\" value=\"\" size=\"40\" class=\"wpcf7-form-control wpcf7-text wpcf7-validates-as-required\" aria-required=\"true\" aria-invalid=\"false\" placeholder=\"Name\" \/><\/span>\n    <\/div>\n<div class=\"prenume-div\">\n      <span class=\"wpcf7-form-control-wrap\" data-name=\"prenume\"><input type=\"text\" name=\"prenume\" value=\"\" size=\"40\" class=\"wpcf7-form-control wpcf7-text wpcf7-validates-as-required\" aria-required=\"true\" aria-invalid=\"false\" placeholder=\"First name\" \/><\/span>\n    <\/div>\n<\/div>\n<div class=\"telefon-email-group\">\n<div class=\"telefon-div\">\n      <span class=\"wpcf7-form-control-wrap\" data-name=\"tel-357\"><input type=\"tel\" name=\"tel-357\" value=\"\" size=\"40\" class=\"wpcf7-form-control wpcf7-text wpcf7-tel wpcf7-validates-as-required wpcf7-validates-as-tel\" aria-required=\"true\" aria-invalid=\"false\" placeholder=\"Phone number\" \/><\/span>\n    <\/div>\n<div class=\"email-div\">\n      <span class=\"wpcf7-form-control-wrap\" data-name=\"email\"><input type=\"email\" name=\"email\" value=\"\" size=\"40\" class=\"wpcf7-form-control wpcf7-text wpcf7-email wpcf7-validates-as-required wpcf7-validates-as-email\" aria-required=\"true\" aria-invalid=\"false\" placeholder=\"Email\" \/><\/span>\n    <\/div>\n<\/div>\n<div class=\"mesaj-group\">\n    <span class=\"wpcf7-form-control-wrap\" data-name=\"mesajul-tau\"><textarea name=\"mesajul-tau\" cols=\"40\" rows=\"10\" class=\"wpcf7-form-control wpcf7-textarea\" aria-invalid=\"false\" placeholder=\"Message\"><\/textarea><\/span>\n  <\/div>\n<div class=\"check-button-group\">\n    <span class=\"wpcf7-form-control-wrap\" data-name=\"checkbox-572\"><span class=\"wpcf7-form-control wpcf7-checkbox wpcf7-validates-as-required form-checkbox\"><span class=\"wpcf7-list-item first last\"><label><input type=\"checkbox\" name=\"checkbox-572[]\" value=\"Sunt de acord cu politica de prelucrare a datelor cu caracter personal\" \/><span class=\"wpcf7-list-item-label\">I agree to the Privacy policy.<\/span><\/label><\/span><\/span><\/span><\/p>\n<div class=\"button-div\"><input type=\"submit\" value=\"REQUEST AN OFFER\" class=\"wpcf7-form-control has-spinner wpcf7-submit form-button\" \/><\/div>\n<\/div>\n<\/div>\n<div class=\"wpcf7-response-output\" aria-hidden=\"true\"><\/div><input type=\"hidden\" name=\"trp-form-language\" value=\"en\"\/><\/form><\/div>\n\n\n\n<figure class=\"wp-block-image size-full orange-circle\"><img loading=\"lazy\" decoding=\"async\" width=\"38\" height=\"38\" src=\"http:\/\/optimized63241cc15f0e8.cloud.bunnyroute.com\/wp-content\/uploads\/2022\/10\/Ellipse-25.png\" alt=\"\" class=\"wp-image-203\"\/><\/figure>\n\n\n\n<figure class=\"wp-block-image size-full green-elipse\"><img loading=\"lazy\" decoding=\"async\" width=\"161\" height=\"149\" src=\"https:\/\/optimized63241cc15f0e8.cloud.bunnyroute.com\/wp-content\/uploads\/2022\/10\/Ellipse-33.png\" alt=\"\" class=\"wp-image-513\"\/><\/figure>\n<\/div>","protected":false},"excerpt":{"rendered":"<p>Ce presupune PPC Marketing Google Ads, Facebook Ads, YouTube Ads, Instagram Ads, Bing Ads: la Optimized le punem pe toate s\u0103 lucreze pentru tine \u0219i optimiz\u0103m constant performan\u021ba lor, pentru c\u0103 punem accent pe ob\u021binerea unor rezultate reale, care s\u0103 poat\u0103 fi m\u0103surate cu u\u0219urin\u021b\u0103. Studiile arat\u0103 c\u0103 aproximativ 80% dintre internau\u021bi acceseaz\u0103 doar site-urile [&hellip;]<\/p>","protected":false},"author":1,"featured_media":0,"parent":0,"menu_order":0,"comment_status":"closed","ping_status":"closed","template":"","meta":{"footnotes":""},"class_list":["post-2148","page","type-page","status-publish","hentry"],"yoast_head":"<!-- This site is optimized with the Yoast SEO plugin v19.14 - https:\/\/yoast.com\/wordpress\/plugins\/seo\/ -->\n<title>Ce presupune PPC Marketing - Bunnyshell Wordpress<\/title>\n<meta name=\"robots\" content=\"index, follow, max-snippet:-1, max-image-preview:large, max-video-preview:-1\" \/>\n<link rel=\"canonical\" href=\"http:\/\/optimized63241cc15f0e8.cloud.bunnyroute.com\/en\/ppc-marketing\/\" \/>\n<meta property=\"og:locale\" content=\"en_US\" \/>\n<meta property=\"og:type\" content=\"article\" \/>\n<meta property=\"og:title\" content=\"Ce presupune PPC Marketing - Bunnyshell Wordpress\" \/>\n<meta property=\"og:description\" content=\"Ce presupune PPC Marketing Google Ads, Facebook Ads, YouTube Ads, Instagram Ads, Bing Ads: la Optimized le punem pe toate s\u0103 lucreze pentru tine \u0219i optimiz\u0103m constant performan\u021ba lor, pentru c\u0103 punem accent pe ob\u021binerea unor rezultate reale, care s\u0103 poat\u0103 fi m\u0103surate cu u\u0219urin\u021b\u0103. Studiile arat\u0103 c\u0103 aproximativ 80% dintre internau\u021bi acceseaz\u0103 doar site-urile [&hellip;]\" \/>\n<meta property=\"og:url\" content=\"http:\/\/optimized63241cc15f0e8.cloud.bunnyroute.com\/en\/ppc-marketing\/\" \/>\n<meta property=\"og:site_name\" content=\"Bunnyshell Wordpress\" \/>\n<meta property=\"article:modified_time\" content=\"2023-01-04T13:02:52+00:00\" \/>\n<meta property=\"og:image\" content=\"https:\/\/optimized63241cc15f0e8.cloud.bunnyroute.com\/wp-content\/uploads\/2022\/10\/Ellipse-22-1.png\" \/>\n<meta name=\"twitter:card\" content=\"summary_large_image\" \/>\n<meta name=\"twitter:label1\" content=\"Est. reading time\" \/>\n\t<meta name=\"twitter:data1\" content=\"2 minutes\" \/>\n<script type=\"application\/ld+json\" class=\"yoast-schema-graph\">{\"@context\":\"https:\/\/schema.org\",\"@graph\":[{\"@type\":\"WebPage\",\"@id\":\"http:\/\/optimized63241cc15f0e8.cloud.bunnyroute.com\/en\/ppc-marketing\/\",\"url\":\"http:\/\/optimized63241cc15f0e8.cloud.bunnyroute.com\/en\/ppc-marketing\/\",\"name\":\"Ce presupune PPC Marketing - Bunnyshell Wordpress\",\"isPartOf\":{\"@id\":\"https:\/\/optimized63241cc15f0e8.cloud.bunnyroute.com\/en\/#website\"},\"datePublished\":\"2022-12-15T09:21:53+00:00\",\"dateModified\":\"2023-01-04T13:02:52+00:00\",\"breadcrumb\":{\"@id\":\"http:\/\/optimized63241cc15f0e8.cloud.bunnyroute.com\/en\/ppc-marketing\/#breadcrumb\"},\"inLanguage\":\"en-US\",\"potentialAction\":[{\"@type\":\"ReadAction\",\"target\":[\"http:\/\/optimized63241cc15f0e8.cloud.bunnyroute.com\/en\/ppc-marketing\/\"]}]},{\"@type\":\"BreadcrumbList\",\"@id\":\"http:\/\/optimized63241cc15f0e8.cloud.bunnyroute.com\/en\/ppc-marketing\/#breadcrumb\",\"itemListElement\":[{\"@type\":\"ListItem\",\"position\":1,\"name\":\"Home\",\"item\":\"https:\/\/optimized63241cc15f0e8.cloud.bunnyroute.com\/en\/\"},{\"@type\":\"ListItem\",\"position\":2,\"name\":\"Ce presupune PPC Marketing\"}]},{\"@type\":\"WebSite\",\"@id\":\"https:\/\/optimized63241cc15f0e8.cloud.bunnyroute.com\/en\/#website\",\"url\":\"https:\/\/optimized63241cc15f0e8.cloud.bunnyroute.com\/en\/\",\"name\":\"Bunnyshell Wordpress\",\"description\":\"Just another WordPress site\",\"publisher\":{\"@id\":\"https:\/\/optimized63241cc15f0e8.cloud.bunnyroute.com\/en\/#organization\"},\"potentialAction\":[{\"@type\":\"SearchAction\",\"target\":{\"@type\":\"EntryPoint\",\"urlTemplate\":\"https:\/\/optimized63241cc15f0e8.cloud.bunnyroute.com\/en\/?s={search_term_string}\"},\"query-input\":\"required name=search_term_string\"}],\"inLanguage\":\"en-US\"},{\"@type\":\"Organization\",\"@id\":\"https:\/\/optimized63241cc15f0e8.cloud.bunnyroute.com\/en\/#organization\",\"name\":\"Bunnyshell Wordpress\",\"url\":\"https:\/\/optimized63241cc15f0e8.cloud.bunnyroute.com\/en\/\",\"logo\":{\"@type\":\"ImageObject\",\"inLanguage\":\"en-US\",\"@id\":\"https:\/\/optimized63241cc15f0e8.cloud.bunnyroute.com\/en\/#\/schema\/logo\/image\/\",\"url\":\"http:\/\/optimized63241cc15f0e8.cloud.bunnyroute.com\/wp-content\/uploads\/2022\/09\/logo-editat-1.png\",\"contentUrl\":\"http:\/\/optimized63241cc15f0e8.cloud.bunnyroute.com\/wp-content\/uploads\/2022\/09\/logo-editat-1.png\",\"width\":147,\"height\":32,\"caption\":\"Bunnyshell Wordpress\"},\"image\":{\"@id\":\"https:\/\/optimized63241cc15f0e8.cloud.bunnyroute.com\/en\/#\/schema\/logo\/image\/\"}}]}<\/script>\n<!-- \/ Yoast SEO plugin. -->","yoast_head_json":{"title":"Ce presupune PPC Marketing - Bunnyshell Wordpress","robots":{"index":"index","follow":"follow","max-snippet":"max-snippet:-1","max-image-preview":"max-image-preview:large","max-video-preview":"max-video-preview:-1"},"canonical":"http:\/\/optimized63241cc15f0e8.cloud.bunnyroute.com\/en\/ppc-marketing\/","og_locale":"en_US","og_type":"article","og_title":"Ce presupune PPC Marketing - Bunnyshell Wordpress","og_description":"Ce presupune PPC Marketing Google Ads, Facebook Ads, YouTube Ads, Instagram Ads, Bing Ads: la Optimized le punem pe toate s\u0103 lucreze pentru tine \u0219i optimiz\u0103m constant performan\u021ba lor, pentru c\u0103 punem accent pe ob\u021binerea unor rezultate reale, care s\u0103 poat\u0103 fi m\u0103surate cu u\u0219urin\u021b\u0103. Studiile arat\u0103 c\u0103 aproximativ 80% dintre internau\u021bi acceseaz\u0103 doar site-urile [&hellip;]","og_url":"http:\/\/optimized63241cc15f0e8.cloud.bunnyroute.com\/en\/ppc-marketing\/","og_site_name":"Bunnyshell Wordpress","article_modified_time":"2023-01-04T13:02:52+00:00","og_image":[{"url":"https:\/\/optimized63241cc15f0e8.cloud.bunnyroute.com\/wp-content\/uploads\/2022\/10\/Ellipse-22-1.png"}],"twitter_card":"summary_large_image","twitter_misc":{"Est. reading time":"2 minutes"},"schema":{"@context":"https:\/\/schema.org","@graph":[{"@type":"WebPage","@id":"http:\/\/optimized63241cc15f0e8.cloud.bunnyroute.com\/en\/ppc-marketing\/","url":"http:\/\/optimized63241cc15f0e8.cloud.bunnyroute.com\/en\/ppc-marketing\/","name":"Ce presupune PPC Marketing - Bunnyshell Wordpress","isPartOf":{"@id":"https:\/\/optimized63241cc15f0e8.cloud.bunnyroute.com\/en\/#website"},"datePublished":"2022-12-15T09:21:53+00:00","dateModified":"2023-01-04T13:02:52+00:00","breadcrumb":{"@id":"http:\/\/optimized63241cc15f0e8.cloud.bunnyroute.com\/en\/ppc-marketing\/#breadcrumb"},"inLanguage":"en-US","potentialAction":[{"@type":"ReadAction","target":["http:\/\/optimized63241cc15f0e8.cloud.bunnyroute.com\/en\/ppc-marketing\/"]}]},{"@type":"BreadcrumbList","@id":"http:\/\/optimized63241cc15f0e8.cloud.bunnyroute.com\/en\/ppc-marketing\/#breadcrumb","itemListElement":[{"@type":"ListItem","position":1,"name":"Home","item":"https:\/\/optimized63241cc15f0e8.cloud.bunnyroute.com\/en\/"},{"@type":"ListItem","position":2,"name":"Ce presupune PPC Marketing"}]},{"@type":"WebSite","@id":"https:\/\/optimized63241cc15f0e8.cloud.bunnyroute.com\/en\/#website","url":"https:\/\/optimized63241cc15f0e8.cloud.bunnyroute.com\/en\/","name":"Bunnyshell Wordpress","description":"Just another WordPress site","publisher":{"@id":"https:\/\/optimized63241cc15f0e8.cloud.bunnyroute.com\/en\/#organization"},"potentialAction":[{"@type":"SearchAction","target":{"@type":"EntryPoint","urlTemplate":"https:\/\/optimized63241cc15f0e8.cloud.bunnyroute.com\/en\/?s={search_term_string}"},"query-input":"required name=search_term_string"}],"inLanguage":"en-US"},{"@type":"Organization","@id":"https:\/\/optimized63241cc15f0e8.cloud.bunnyroute.com\/en\/#organization","name":"Bunnyshell Wordpress","url":"https:\/\/optimized63241cc15f0e8.cloud.bunnyroute.com\/en\/","logo":{"@type":"ImageObject","inLanguage":"en-US","@id":"https:\/\/optimized63241cc15f0e8.cloud.bunnyroute.com\/en\/#\/schema\/logo\/image\/","url":"http:\/\/optimized63241cc15f0e8.cloud.bunnyroute.com\/wp-content\/uploads\/2022\/09\/logo-editat-1.png","contentUrl":"http:\/\/optimized63241cc15f0e8.cloud.bunnyroute.com\/wp-content\/uploads\/2022\/09\/logo-editat-1.png","width":147,"height":32,"caption":"Bunnyshell Wordpress"},"image":{"@id":"https:\/\/optimized63241cc15f0e8.cloud.bunnyroute.com\/en\/#\/schema\/logo\/image\/"}}]}},"_links":{"self":[{"href":"http:\/\/optimized63241cc15f0e8.cloud.bunnyroute.com\/en\/wp-json\/wp\/v2\/pages\/2148","targetHints":{"allow":["GET"]}}],"collection":[{"href":"http:\/\/optimized63241cc15f0e8.cloud.bunnyroute.com\/en\/wp-json\/wp\/v2\/pages"}],"about":[{"href":"http:\/\/optimized63241cc15f0e8.cloud.bunnyroute.com\/en\/wp-json\/wp\/v2\/types\/page"}],"author":[{"embeddable":true,"href":"http:\/\/optimized63241cc15f0e8.cloud.bunnyroute.com\/en\/wp-json\/wp\/v2\/users\/1"}],"replies":[{"embeddable":true,"href":"http:\/\/optimized63241cc15f0e8.cloud.bunnyroute.com\/en\/wp-json\/wp\/v2\/comments?post=2148"}],"version-history":[{"count":19,"href":"http:\/\/optimized63241cc15f0e8.cloud.bunnyroute.com\/en\/wp-json\/wp\/v2\/pages\/2148\/revisions"}],"predecessor-version":[{"id":2492,"href":"http:\/\/optimized63241cc15f0e8.cloud.bunnyroute.com\/en\/wp-json\/wp\/v2\/pages\/2148\/revisions\/2492"}],"wp:attachment":[{"href":"http:\/\/optimized63241cc15f0e8.cloud.bunnyroute.com\/en\/wp-json\/wp\/v2\/media?parent=2148"}],"curies":[{"name":"wp","href":"https:\/\/api.w.org\/{rel}","templated":true}]}}