{"id":2220,"date":"2022-12-15T13:16:54","date_gmt":"2022-12-15T13:16:54","guid":{"rendered":"https:\/\/optimized63241cc15f0e8.cloud.bunnyroute.com\/?page_id=2220"},"modified":"2022-12-21T11:37:01","modified_gmt":"2022-12-21T11:37:01","slug":"social-media-ads","status":"publish","type":"page","link":"http:\/\/optimized63241cc15f0e8.cloud.bunnyroute.com\/en\/social-media-ads\/","title":{"rendered":"Social Media Ads"},"content":{"rendered":"<div class=\"wp-block-group full-width-container strategie-container cursuri-first social-media is-layout-flow wp-block-group-is-layout-flow\">\n<figure class=\"wp-block-image size-full orange-elipse\"><img loading=\"lazy\" decoding=\"async\" width=\"182\" height=\"265\" src=\"https:\/\/optimized63241cc15f0e8.cloud.bunnyroute.com\/wp-content\/uploads\/2022\/10\/Ellipse-22-1.png\" alt=\"\" class=\"wp-image-493\"\/><\/figure>\n\n\n\n<div class=\"wp-block-columns strategie-columns is-layout-flex wp-container-core-columns-is-layout-28f84493 wp-block-columns-is-layout-flex\">\n<div class=\"wp-block-column is-layout-flow wp-block-column-is-layout-flow\">\n<div class=\"wp-block-group strategie-group is-layout-flow wp-block-group-is-layout-flow\">\n<p class=\"cover-big-title\">Social Media Ads Course<\/p>\n\n\n\n<p class=\"strategie-basic-info\">Facebook gives you the opportunity to interact with an extremely large audience. Studies show that a user spends about 50 minutes a day on the platform, so integrating Facebook Ads into your digital business strategy should become a priority. <\/p>\n\n\n\n<p class=\"strategie-basic-info translation-block\">Among the <strong>advantages of Facebook Ads<\/strong> we have to mention:<\/p>\n\n\n\n<ul class=\"wp-block-list\">\n<li class=\"strategie-basic-info\">The very high reach (compared to other platforms)<\/li>\n\n\n\n<li class=\"strategie-basic-info\">Advanced targeting filters (you can choose your audience based on very specific criteria and build the perfect advertising experience)<\/li>\n\n\n\n<li class=\"strategie-basic-info\">Costs (cost per click is correlated with efficiency, unlike other PPC platforms) and the ability to easily create a database.<\/li>\n<\/ul>\n\n\n\n<div class=\"wp-block-buttons is-layout-flex wp-block-buttons-is-layout-flex\">\n<div class=\"wp-block-button white-box-button optimized-button\"><a class=\"wp-block-button__link wp-element-button\" href=\"http:\/\/optimized63241cc15f0e8.cloud.bunnyroute.com\/en\/contact\/\">FIND OUT MORE<\/a><\/div>\n<\/div>\n<\/div>\n<\/div>\n\n\n\n<div class=\"wp-block-column strategie-img-column is-layout-flow wp-block-column-is-layout-flow\">\n<figure class=\"wp-block-image size-full animated fadeIn delay-200ms\"><img loading=\"lazy\" decoding=\"async\" width=\"800\" height=\"532\" src=\"https:\/\/optimized63241cc15f0e8.cloud.bunnyroute.com\/wp-content\/uploads\/2022\/12\/social-media-ads.jpg\" alt=\"\" class=\"wp-image-2240\" srcset=\"http:\/\/optimized63241cc15f0e8.cloud.bunnyroute.com\/wp-content\/uploads\/2022\/12\/social-media-ads.jpg 800w, http:\/\/optimized63241cc15f0e8.cloud.bunnyroute.com\/wp-content\/uploads\/2022\/12\/social-media-ads-300x200.jpg 300w, http:\/\/optimized63241cc15f0e8.cloud.bunnyroute.com\/wp-content\/uploads\/2022\/12\/social-media-ads-768x511.jpg 768w, http:\/\/optimized63241cc15f0e8.cloud.bunnyroute.com\/wp-content\/uploads\/2022\/12\/social-media-ads-18x12.jpg 18w\" sizes=\"auto, (max-width: 800px) 100vw, 800px\" \/><\/figure>\n<\/div>\n<\/div>\n<\/div>\n\n\n\n<div class=\"wp-block-group etape-container basic-container cursuri-etape social-media is-layout-flow wp-block-group-is-layout-flow\">\n<div class=\"wp-block-columns etapizare-columns is-layout-flex wp-container-core-columns-is-layout-28f84493 wp-block-columns-is-layout-flex\">\n<div class=\"wp-block-column etape-icon-column animated fadeInUp is-layout-flow wp-block-column-is-layout-flow\">\n<div class=\"wp-block-group is-layout-flow wp-block-group-is-layout-flow\">\n<div class=\"wp-block-columns is-layout-flex wp-container-core-columns-is-layout-28f84493 wp-block-columns-is-layout-flex\">\n<div class=\"wp-block-column is-layout-flow wp-block-column-is-layout-flow\">\n<div class=\"wp-block-group etape-white-group is-layout-flow wp-block-group-is-layout-flow\">\n<figure class=\"wp-block-image size-full\"><img loading=\"lazy\" decoding=\"async\" width=\"50\" height=\"50\" src=\"https:\/\/optimized63241cc15f0e8.cloud.bunnyroute.com\/wp-content\/uploads\/2022\/10\/Vector-8.png\" alt=\"\" class=\"wp-image-535\"\/><\/figure>\n\n\n\n<p class=\"box-subtitle\">Tailored Training Performance<\/p>\n\n\n\n<div class=\"wp-block-buttons is-layout-flex wp-block-buttons-is-layout-flex\">\n<div class=\"wp-block-button blog-button\"><a class=\"wp-block-button__link wp-element-button\" href=\"http:\/\/optimized63241cc15f0e8.cloud.bunnyroute.com\/en\/training-performance\/\">FIND OUT MORE<\/a><\/div>\n<\/div>\n<\/div>\n<\/div>\n\n\n\n<div class=\"wp-block-column etape-icon-second-column is-layout-flow wp-block-column-is-layout-flow\">\n<div class=\"wp-block-group etape-white-group is-layout-flow wp-block-group-is-layout-flow\">\n<figure class=\"wp-block-image size-full\"><img loading=\"lazy\" decoding=\"async\" width=\"50\" height=\"50\" src=\"https:\/\/optimized63241cc15f0e8.cloud.bunnyroute.com\/wp-content\/uploads\/2022\/10\/Vector-9.png\" alt=\"\" class=\"wp-image-537\"\/><\/figure>\n\n\n\n<p class=\"box-subtitle\">Google Ads Course<\/p>\n\n\n\n<div class=\"wp-block-buttons is-layout-flex wp-block-buttons-is-layout-flex\">\n<div class=\"wp-block-button blog-button\"><a class=\"wp-block-button__link wp-element-button\" href=\"http:\/\/optimized63241cc15f0e8.cloud.bunnyroute.com\/en\/google-ads\/\">FIND OUT MORE<\/a><\/div>\n<\/div>\n<\/div>\n<\/div>\n<\/div>\n<\/div>\n<\/div>\n\n\n\n<div class=\"wp-block-column etape-text-column is-layout-flow wp-block-column-is-layout-flow\">\n<p class=\"strategie-basic-info\"><strong>In this context, a better understanding of Facebook Ads could mean better results, higher sales and a better digital strategy.<\/strong><\/p>\n\n\n\n<p class=\"strategie-basic-info translation-block\">A <strong>Facebook Ads training \/ Facebook Ads course <\/strong>will help you:<\/p>\n\n\n\n<ul class=\"wp-block-list\">\n<li class=\"strategie-basic-info\">Set your marketing objectives correctly in Facebook advertising<\/li>\n\n\n\n<li class=\"strategie-basic-info\">Better understand how the platform algorithm works, user behavior (and how you can use the insights achieved to bring the users to your website and convert them into active buyers)<\/li>\n\n\n\n<li class=\"strategie-basic-info\">How to create and optimize the right audience for your ads<\/li>\n\n\n\n<li class=\"strategie-basic-info\">How to monitor \/ read the data that Facebook gives you<\/li>\n\n\n\n<li class=\"strategie-basic-info\">How to create persuasive ads<\/li>\n<\/ul>\n\n\n\n<p class=\"strategie-basic-info translation-block\">A <strong>Facebook Ads course \/ Facebook Ads training<\/strong> addresses all these matters.<\/p>\n\n\n\n<p class=\"strategie-basic-info translation-block\">When talking about Facebook Ads, it is important to mention that a <strong>Facebook Ads training<\/strong> is suitable for individuals who plan to start working in a PPC marketing department, as well as for the entire marketing department of a company.<\/p>\n\n\n\n<p class=\"strategie-basic-info\">If you choose in-house PPC and need advanced training for your team, Optimized can help you with personalized sessions designed by Google-certified trainers.<\/p>\n<\/div>\n<\/div>\n<\/div>\n\n\n\n<div class=\"wp-block-group basic-container form-container is-layout-flow wp-block-group-is-layout-flow\">\n<figure class=\"wp-block-image size-full orange-elipse\"><img loading=\"lazy\" decoding=\"async\" width=\"104\" height=\"96\" src=\"https:\/\/optimized63241cc15f0e8.cloud.bunnyroute.com\/wp-content\/uploads\/2022\/10\/Ellipse-34.png\" alt=\"\" class=\"wp-image-512\"\/><\/figure>\n\n\n\n<figure class=\"wp-block-image size-full green-circle\"><img loading=\"lazy\" decoding=\"async\" width=\"56\" height=\"56\" src=\"http:\/\/optimized63241cc15f0e8.cloud.bunnyroute.com\/wp-content\/uploads\/2022\/10\/Ellipse-24.png\" alt=\"\" class=\"wp-image-202\"\/><\/figure>\n\n\n\n<p class=\"white-box-title\">Let's get to know each other!<\/p>\n\n\n<div role=\"form\" class=\"wpcf7\" id=\"wpcf7-f2369-o1\" lang=\"en-US\" dir=\"ltr\">\n<div class=\"screen-reader-response\"><p role=\"status\" aria-live=\"polite\" aria-atomic=\"true\"><\/p> <ul><\/ul><\/div>\n<form action=\"\/en\/wp-json\/wp\/v2\/pages\/2220#wpcf7-f2369-o1\" method=\"post\" class=\"wpcf7-form init\" novalidate=\"novalidate\" data-status=\"init\" data-trp-original-action=\"\/en\/wp-json\/wp\/v2\/pages\/2220#wpcf7-f2369-o1\">\n<div style=\"display: none;\">\n<input type=\"hidden\" name=\"_wpcf7\" value=\"2369\" \/>\n<input type=\"hidden\" name=\"_wpcf7_version\" value=\"5.6.4\" \/>\n<input type=\"hidden\" name=\"_wpcf7_locale\" value=\"en_US\" \/>\n<input type=\"hidden\" name=\"_wpcf7_unit_tag\" value=\"wpcf7-f2369-o1\" \/>\n<input type=\"hidden\" name=\"_wpcf7_container_post\" value=\"0\" \/>\n<input type=\"hidden\" name=\"_wpcf7_posted_data_hash\" value=\"\" \/>\n<\/div>\n<div class=\"optimized-form-container\">\n<div class=\"nume-prenume-group\">\n<div class=\"nume-div\">\n      <span class=\"wpcf7-form-control-wrap\" data-name=\"nume\"><input type=\"text\" name=\"nume\" value=\"\" size=\"40\" class=\"wpcf7-form-control wpcf7-text wpcf7-validates-as-required\" aria-required=\"true\" aria-invalid=\"false\" placeholder=\"Name\" \/><\/span>\n    <\/div>\n<div class=\"prenume-div\">\n      <span class=\"wpcf7-form-control-wrap\" data-name=\"prenume\"><input type=\"text\" name=\"prenume\" value=\"\" size=\"40\" class=\"wpcf7-form-control wpcf7-text wpcf7-validates-as-required\" aria-required=\"true\" aria-invalid=\"false\" placeholder=\"First name\" \/><\/span>\n    <\/div>\n<\/div>\n<div class=\"telefon-email-group\">\n<div class=\"telefon-div\">\n      <span class=\"wpcf7-form-control-wrap\" data-name=\"tel-357\"><input type=\"tel\" name=\"tel-357\" value=\"\" size=\"40\" class=\"wpcf7-form-control wpcf7-text wpcf7-tel wpcf7-validates-as-required wpcf7-validates-as-tel\" aria-required=\"true\" aria-invalid=\"false\" placeholder=\"Phone number\" \/><\/span>\n    <\/div>\n<div class=\"email-div\">\n      <span class=\"wpcf7-form-control-wrap\" data-name=\"email\"><input type=\"email\" name=\"email\" value=\"\" size=\"40\" class=\"wpcf7-form-control wpcf7-text wpcf7-email wpcf7-validates-as-required wpcf7-validates-as-email\" aria-required=\"true\" aria-invalid=\"false\" placeholder=\"Email\" \/><\/span>\n    <\/div>\n<\/div>\n<div class=\"mesaj-group\">\n    <span class=\"wpcf7-form-control-wrap\" data-name=\"mesajul-tau\"><textarea name=\"mesajul-tau\" cols=\"40\" rows=\"10\" class=\"wpcf7-form-control wpcf7-textarea\" aria-invalid=\"false\" placeholder=\"Message\"><\/textarea><\/span>\n  <\/div>\n<div class=\"check-button-group\">\n    <span class=\"wpcf7-form-control-wrap\" data-name=\"checkbox-572\"><span class=\"wpcf7-form-control wpcf7-checkbox wpcf7-validates-as-required form-checkbox\"><span class=\"wpcf7-list-item first last\"><label><input type=\"checkbox\" name=\"checkbox-572[]\" value=\"Sunt de acord cu politica de prelucrare a datelor cu caracter personal\" \/><span class=\"wpcf7-list-item-label\">I agree to the Privacy policy.<\/span><\/label><\/span><\/span><\/span><\/p>\n<div class=\"button-div\"><input type=\"submit\" value=\"REQUEST AN OFFER\" class=\"wpcf7-form-control has-spinner wpcf7-submit form-button\" \/><\/div>\n<\/div>\n<\/div>\n<div class=\"wpcf7-response-output\" aria-hidden=\"true\"><\/div><input type=\"hidden\" name=\"trp-form-language\" value=\"en\"\/><\/form><\/div>\n\n\n\n<figure class=\"wp-block-image size-full orange-circle\"><img loading=\"lazy\" decoding=\"async\" width=\"38\" height=\"38\" src=\"http:\/\/optimized63241cc15f0e8.cloud.bunnyroute.com\/wp-content\/uploads\/2022\/10\/Ellipse-25.png\" alt=\"\" class=\"wp-image-203\"\/><\/figure>\n\n\n\n<figure class=\"wp-block-image size-full green-elipse\"><img loading=\"lazy\" decoding=\"async\" width=\"161\" height=\"149\" src=\"https:\/\/optimized63241cc15f0e8.cloud.bunnyroute.com\/wp-content\/uploads\/2022\/10\/Ellipse-33.png\" alt=\"\" class=\"wp-image-513\"\/><\/figure>\n<\/div>","protected":false},"excerpt":{"rendered":"<p>Curs Social Media Ads Facebook \u00ee\u021bi ofer\u0103 oportunitatea de a interac\u021biona cu o audien\u021b\u0103 extrem de vast\u0103, iar studiile arat\u0103 c\u0103 un utilizator petrece zilnic aproximativ 50 de minute pe platform\u0103, a\u0219a c\u0103 integrarea Facebook Ads \u00een strategia digital\u0103 a businessului t\u0103u ar trebui s\u0103 se transforme \u00eentr-o prioritate. Printre avantajele Facebook Ads se num\u0103r\u0103: [&hellip;]<\/p>","protected":false},"author":1,"featured_media":0,"parent":0,"menu_order":0,"comment_status":"closed","ping_status":"closed","template":"","meta":{"footnotes":""},"class_list":["post-2220","page","type-page","status-publish","hentry"],"yoast_head":"<!-- This site is optimized with the Yoast SEO plugin v19.14 - https:\/\/yoast.com\/wordpress\/plugins\/seo\/ -->\n<title>Social Media Ads - Bunnyshell Wordpress<\/title>\n<meta name=\"robots\" content=\"index, follow, max-snippet:-1, max-image-preview:large, max-video-preview:-1\" \/>\n<link rel=\"canonical\" href=\"http:\/\/optimized63241cc15f0e8.cloud.bunnyroute.com\/en\/social-media-ads\/\" \/>\n<meta property=\"og:locale\" content=\"en_US\" \/>\n<meta property=\"og:type\" content=\"article\" \/>\n<meta property=\"og:title\" content=\"Social Media Ads - Bunnyshell Wordpress\" \/>\n<meta property=\"og:description\" content=\"Curs Social Media Ads Facebook \u00ee\u021bi ofer\u0103 oportunitatea de a interac\u021biona cu o audien\u021b\u0103 extrem de vast\u0103, iar studiile arat\u0103 c\u0103 un utilizator petrece zilnic aproximativ 50 de minute pe platform\u0103, a\u0219a c\u0103 integrarea Facebook Ads \u00een strategia digital\u0103 a businessului t\u0103u ar trebui s\u0103 se transforme \u00eentr-o prioritate. Printre avantajele Facebook Ads se num\u0103r\u0103: [&hellip;]\" \/>\n<meta property=\"og:url\" content=\"http:\/\/optimized63241cc15f0e8.cloud.bunnyroute.com\/en\/social-media-ads\/\" \/>\n<meta property=\"og:site_name\" content=\"Bunnyshell Wordpress\" \/>\n<meta property=\"article:modified_time\" content=\"2022-12-21T11:37:01+00:00\" \/>\n<meta property=\"og:image\" content=\"https:\/\/optimized63241cc15f0e8.cloud.bunnyroute.com\/wp-content\/uploads\/2022\/10\/Ellipse-22-1.png\" \/>\n<meta name=\"twitter:card\" content=\"summary_large_image\" \/>\n<meta name=\"twitter:label1\" content=\"Est. reading time\" \/>\n\t<meta name=\"twitter:data1\" content=\"2 minutes\" \/>\n<script type=\"application\/ld+json\" class=\"yoast-schema-graph\">{\"@context\":\"https:\/\/schema.org\",\"@graph\":[{\"@type\":\"WebPage\",\"@id\":\"http:\/\/optimized63241cc15f0e8.cloud.bunnyroute.com\/en\/social-media-ads\/\",\"url\":\"http:\/\/optimized63241cc15f0e8.cloud.bunnyroute.com\/en\/social-media-ads\/\",\"name\":\"Social Media Ads - Bunnyshell Wordpress\",\"isPartOf\":{\"@id\":\"http:\/\/optimized63241cc15f0e8.cloud.bunnyroute.com\/en\/#website\"},\"datePublished\":\"2022-12-15T13:16:54+00:00\",\"dateModified\":\"2022-12-21T11:37:01+00:00\",\"breadcrumb\":{\"@id\":\"http:\/\/optimized63241cc15f0e8.cloud.bunnyroute.com\/en\/social-media-ads\/#breadcrumb\"},\"inLanguage\":\"en-US\",\"potentialAction\":[{\"@type\":\"ReadAction\",\"target\":[\"http:\/\/optimized63241cc15f0e8.cloud.bunnyroute.com\/en\/social-media-ads\/\"]}]},{\"@type\":\"BreadcrumbList\",\"@id\":\"http:\/\/optimized63241cc15f0e8.cloud.bunnyroute.com\/en\/social-media-ads\/#breadcrumb\",\"itemListElement\":[{\"@type\":\"ListItem\",\"position\":1,\"name\":\"Home\",\"item\":\"http:\/\/optimized63241cc15f0e8.cloud.bunnyroute.com\/en\/\"},{\"@type\":\"ListItem\",\"position\":2,\"name\":\"Social Media Ads\"}]},{\"@type\":\"WebSite\",\"@id\":\"http:\/\/optimized63241cc15f0e8.cloud.bunnyroute.com\/en\/#website\",\"url\":\"http:\/\/optimized63241cc15f0e8.cloud.bunnyroute.com\/en\/\",\"name\":\"Bunnyshell Wordpress\",\"description\":\"Just another WordPress site\",\"publisher\":{\"@id\":\"http:\/\/optimized63241cc15f0e8.cloud.bunnyroute.com\/en\/#organization\"},\"potentialAction\":[{\"@type\":\"SearchAction\",\"target\":{\"@type\":\"EntryPoint\",\"urlTemplate\":\"http:\/\/optimized63241cc15f0e8.cloud.bunnyroute.com\/en\/?s={search_term_string}\"},\"query-input\":\"required name=search_term_string\"}],\"inLanguage\":\"en-US\"},{\"@type\":\"Organization\",\"@id\":\"http:\/\/optimized63241cc15f0e8.cloud.bunnyroute.com\/en\/#organization\",\"name\":\"Bunnyshell Wordpress\",\"url\":\"http:\/\/optimized63241cc15f0e8.cloud.bunnyroute.com\/en\/\",\"logo\":{\"@type\":\"ImageObject\",\"inLanguage\":\"en-US\",\"@id\":\"http:\/\/optimized63241cc15f0e8.cloud.bunnyroute.com\/en\/#\/schema\/logo\/image\/\",\"url\":\"http:\/\/optimized63241cc15f0e8.cloud.bunnyroute.com\/wp-content\/uploads\/2022\/09\/logo-editat-1.png\",\"contentUrl\":\"http:\/\/optimized63241cc15f0e8.cloud.bunnyroute.com\/wp-content\/uploads\/2022\/09\/logo-editat-1.png\",\"width\":147,\"height\":32,\"caption\":\"Bunnyshell Wordpress\"},\"image\":{\"@id\":\"http:\/\/optimized63241cc15f0e8.cloud.bunnyroute.com\/en\/#\/schema\/logo\/image\/\"}}]}<\/script>\n<!-- \/ Yoast SEO plugin. -->","yoast_head_json":{"title":"Social Media Ads - Bunnyshell Wordpress","robots":{"index":"index","follow":"follow","max-snippet":"max-snippet:-1","max-image-preview":"max-image-preview:large","max-video-preview":"max-video-preview:-1"},"canonical":"http:\/\/optimized63241cc15f0e8.cloud.bunnyroute.com\/en\/social-media-ads\/","og_locale":"en_US","og_type":"article","og_title":"Social Media Ads - Bunnyshell Wordpress","og_description":"Curs Social Media Ads Facebook \u00ee\u021bi ofer\u0103 oportunitatea de a interac\u021biona cu o audien\u021b\u0103 extrem de vast\u0103, iar studiile arat\u0103 c\u0103 un utilizator petrece zilnic aproximativ 50 de minute pe platform\u0103, a\u0219a c\u0103 integrarea Facebook Ads \u00een strategia digital\u0103 a businessului t\u0103u ar trebui s\u0103 se transforme \u00eentr-o prioritate. Printre avantajele Facebook Ads se num\u0103r\u0103: [&hellip;]","og_url":"http:\/\/optimized63241cc15f0e8.cloud.bunnyroute.com\/en\/social-media-ads\/","og_site_name":"Bunnyshell Wordpress","article_modified_time":"2022-12-21T11:37:01+00:00","og_image":[{"url":"https:\/\/optimized63241cc15f0e8.cloud.bunnyroute.com\/wp-content\/uploads\/2022\/10\/Ellipse-22-1.png"}],"twitter_card":"summary_large_image","twitter_misc":{"Est. reading time":"2 minutes"},"schema":{"@context":"https:\/\/schema.org","@graph":[{"@type":"WebPage","@id":"http:\/\/optimized63241cc15f0e8.cloud.bunnyroute.com\/en\/social-media-ads\/","url":"http:\/\/optimized63241cc15f0e8.cloud.bunnyroute.com\/en\/social-media-ads\/","name":"Social Media Ads - Bunnyshell Wordpress","isPartOf":{"@id":"http:\/\/optimized63241cc15f0e8.cloud.bunnyroute.com\/en\/#website"},"datePublished":"2022-12-15T13:16:54+00:00","dateModified":"2022-12-21T11:37:01+00:00","breadcrumb":{"@id":"http:\/\/optimized63241cc15f0e8.cloud.bunnyroute.com\/en\/social-media-ads\/#breadcrumb"},"inLanguage":"en-US","potentialAction":[{"@type":"ReadAction","target":["http:\/\/optimized63241cc15f0e8.cloud.bunnyroute.com\/en\/social-media-ads\/"]}]},{"@type":"BreadcrumbList","@id":"http:\/\/optimized63241cc15f0e8.cloud.bunnyroute.com\/en\/social-media-ads\/#breadcrumb","itemListElement":[{"@type":"ListItem","position":1,"name":"Home","item":"http:\/\/optimized63241cc15f0e8.cloud.bunnyroute.com\/en\/"},{"@type":"ListItem","position":2,"name":"Social Media Ads"}]},{"@type":"WebSite","@id":"http:\/\/optimized63241cc15f0e8.cloud.bunnyroute.com\/en\/#website","url":"http:\/\/optimized63241cc15f0e8.cloud.bunnyroute.com\/en\/","name":"Bunnyshell Wordpress","description":"Just another WordPress site","publisher":{"@id":"http:\/\/optimized63241cc15f0e8.cloud.bunnyroute.com\/en\/#organization"},"potentialAction":[{"@type":"SearchAction","target":{"@type":"EntryPoint","urlTemplate":"http:\/\/optimized63241cc15f0e8.cloud.bunnyroute.com\/en\/?s={search_term_string}"},"query-input":"required name=search_term_string"}],"inLanguage":"en-US"},{"@type":"Organization","@id":"http:\/\/optimized63241cc15f0e8.cloud.bunnyroute.com\/en\/#organization","name":"Bunnyshell Wordpress","url":"http:\/\/optimized63241cc15f0e8.cloud.bunnyroute.com\/en\/","logo":{"@type":"ImageObject","inLanguage":"en-US","@id":"http:\/\/optimized63241cc15f0e8.cloud.bunnyroute.com\/en\/#\/schema\/logo\/image\/","url":"http:\/\/optimized63241cc15f0e8.cloud.bunnyroute.com\/wp-content\/uploads\/2022\/09\/logo-editat-1.png","contentUrl":"http:\/\/optimized63241cc15f0e8.cloud.bunnyroute.com\/wp-content\/uploads\/2022\/09\/logo-editat-1.png","width":147,"height":32,"caption":"Bunnyshell Wordpress"},"image":{"@id":"http:\/\/optimized63241cc15f0e8.cloud.bunnyroute.com\/en\/#\/schema\/logo\/image\/"}}]}},"_links":{"self":[{"href":"http:\/\/optimized63241cc15f0e8.cloud.bunnyroute.com\/en\/wp-json\/wp\/v2\/pages\/2220","targetHints":{"allow":["GET"]}}],"collection":[{"href":"http:\/\/optimized63241cc15f0e8.cloud.bunnyroute.com\/en\/wp-json\/wp\/v2\/pages"}],"about":[{"href":"http:\/\/optimized63241cc15f0e8.cloud.bunnyroute.com\/en\/wp-json\/wp\/v2\/types\/page"}],"author":[{"embeddable":true,"href":"http:\/\/optimized63241cc15f0e8.cloud.bunnyroute.com\/en\/wp-json\/wp\/v2\/users\/1"}],"replies":[{"embeddable":true,"href":"http:\/\/optimized63241cc15f0e8.cloud.bunnyroute.com\/en\/wp-json\/wp\/v2\/comments?post=2220"}],"version-history":[{"count":13,"href":"http:\/\/optimized63241cc15f0e8.cloud.bunnyroute.com\/en\/wp-json\/wp\/v2\/pages\/2220\/revisions"}],"predecessor-version":[{"id":2417,"href":"http:\/\/optimized63241cc15f0e8.cloud.bunnyroute.com\/en\/wp-json\/wp\/v2\/pages\/2220\/revisions\/2417"}],"wp:attachment":[{"href":"http:\/\/optimized63241cc15f0e8.cloud.bunnyroute.com\/en\/wp-json\/wp\/v2\/media?parent=2220"}],"curies":[{"name":"wp","href":"https:\/\/api.w.org\/{rel}","templated":true}]}}