{"id":23,"date":"2022-09-16T07:56:29","date_gmt":"2022-09-16T07:56:29","guid":{"rendered":"https:\/\/optimized63241cc15f0e8.cloud.bunnyroute.com\/?page_id=23"},"modified":"2022-12-21T10:36:59","modified_gmt":"2022-12-21T10:36:59","slug":"contact","status":"publish","type":"page","link":"http:\/\/optimized63241cc15f0e8.cloud.bunnyroute.com\/en\/contact\/","title":{"rendered":"Contact"},"content":{"rendered":"<div class=\"wp-block-group full-width-container contact-container is-layout-flow wp-block-group-is-layout-flow\">\n<div class=\"wp-block-columns contact-columns is-layout-flex wp-container-core-columns-is-layout-28f84493 wp-block-columns-is-layout-flex\">\n<div class=\"wp-block-column contact-image-column is-layout-flow wp-block-column-is-layout-flow\">\n<p class=\"white-box-title animated fadeInUp\">We\u2019re here to answer all your questions<\/p>\n\n\n\n<div class=\"wp-block-group contact-phone-group animated fadeInUp is-layout-flow wp-block-group-is-layout-flow\">\n<figure class=\"wp-block-image size-full\"><img loading=\"lazy\" decoding=\"async\" width=\"39\" height=\"40\" src=\"https:\/\/optimized63241cc15f0e8.cloud.bunnyroute.com\/wp-content\/uploads\/2022\/10\/Vector-13.png\" alt=\"\" class=\"wp-image-587\"\/><\/figure>\n\n\n\n<p class=\"box-subtitle\">+40 729 729 695<\/p>\n<\/div>\n\n\n\n<div class=\"wp-block-group contact-mail-group animated fadeInUp is-layout-flow wp-block-group-is-layout-flow\">\n<figure class=\"wp-block-image size-full\"><img loading=\"lazy\" decoding=\"async\" width=\"39\" height=\"30\" src=\"https:\/\/optimized63241cc15f0e8.cloud.bunnyroute.com\/wp-content\/uploads\/2022\/10\/Vector-14.png\" alt=\"\" class=\"wp-image-588\"\/><\/figure>\n\n\n\n<p class=\"box-subtitle\">contact@optimized.ro<\/p>\n<\/div>\n<\/div>\n\n\n\n<div class=\"wp-block-column form-container contact-form-container is-layout-flow wp-block-column-is-layout-flow\">\n<p class=\"box-subtitle\">Need a personalized offer for your business? Contact us.<\/p>\n\n\n<div role=\"form\" class=\"wpcf7\" id=\"wpcf7-f584-o1\" lang=\"en-US\" dir=\"ltr\">\n<div class=\"screen-reader-response\"><p role=\"status\" aria-live=\"polite\" aria-atomic=\"true\"><\/p> <ul><\/ul><\/div>\n<form action=\"\/en\/wp-json\/wp\/v2\/pages\/23#wpcf7-f584-o1\" method=\"post\" class=\"wpcf7-form init\" novalidate=\"novalidate\" data-status=\"init\" data-trp-original-action=\"\/en\/wp-json\/wp\/v2\/pages\/23#wpcf7-f584-o1\">\n<div style=\"display: none;\">\n<input type=\"hidden\" name=\"_wpcf7\" value=\"584\" \/>\n<input type=\"hidden\" name=\"_wpcf7_version\" value=\"5.6.4\" \/>\n<input type=\"hidden\" name=\"_wpcf7_locale\" value=\"en_US\" \/>\n<input type=\"hidden\" name=\"_wpcf7_unit_tag\" value=\"wpcf7-f584-o1\" \/>\n<input type=\"hidden\" name=\"_wpcf7_container_post\" value=\"0\" \/>\n<input type=\"hidden\" name=\"_wpcf7_posted_data_hash\" value=\"\" \/>\n<\/div>\n<div class=\"optimized-form-container\">\n<div class=\"nume-prenume-group\">\n<div class=\"nume-div\">\n      <span class=\"wpcf7-form-control-wrap\" data-name=\"nume\"><input type=\"text\" name=\"nume\" value=\"\" size=\"40\" class=\"wpcf7-form-control wpcf7-text wpcf7-validates-as-required\" aria-required=\"true\" aria-invalid=\"false\" placeholder=\"Name\" \/><\/span>\n    <\/div>\n<div class=\"prenume-div\">\n      <span class=\"wpcf7-form-control-wrap\" data-name=\"prenume\"><input type=\"text\" name=\"prenume\" value=\"\" size=\"40\" class=\"wpcf7-form-control wpcf7-text wpcf7-validates-as-required\" aria-required=\"true\" aria-invalid=\"false\" placeholder=\"First name\" \/><\/span>\n    <\/div>\n<\/div>\n<div class=\"telefon-email-group\">\n<div class=\"telefon-div\">\n      <span class=\"wpcf7-form-control-wrap\" data-name=\"tel-357\"><input type=\"tel\" name=\"tel-357\" value=\"\" size=\"40\" class=\"wpcf7-form-control wpcf7-text wpcf7-tel wpcf7-validates-as-required wpcf7-validates-as-tel\" aria-required=\"true\" aria-invalid=\"false\" placeholder=\"Phone number\" \/><\/span>\n    <\/div>\n<div class=\"email-div\">\n      <span class=\"wpcf7-form-control-wrap\" data-name=\"email\"><input type=\"email\" name=\"email\" value=\"\" size=\"40\" class=\"wpcf7-form-control wpcf7-text wpcf7-email wpcf7-validates-as-required wpcf7-validates-as-email\" aria-required=\"true\" aria-invalid=\"false\" placeholder=\"Email\" \/><\/span>\n    <\/div>\n<\/div>\n<div class=\"companie-subiect-group\">\n<div class=\"companie-div\">\n      <span class=\"wpcf7-form-control-wrap\" data-name=\"companie\"><input type=\"text\" name=\"companie\" value=\"\" size=\"40\" class=\"wpcf7-form-control wpcf7-text wpcf7-validates-as-required\" aria-required=\"true\" aria-invalid=\"false\" placeholder=\"Company name\" \/><\/span>\n    <\/div>\n<div class=\"subiect-div\">\n      <span class=\"wpcf7-form-control-wrap\" data-name=\"subiect\"><input type=\"text\" name=\"subiect\" value=\"\" size=\"40\" class=\"wpcf7-form-control wpcf7-text wpcf7-validates-as-required\" aria-required=\"true\" aria-invalid=\"false\" placeholder=\"Subject\" \/><\/span>\n    <\/div>\n<\/div>\n<div class=\"mesaj-group\">\n    <span class=\"wpcf7-form-control-wrap\" data-name=\"mesajul-tau\"><textarea name=\"mesajul-tau\" cols=\"40\" rows=\"10\" class=\"wpcf7-form-control wpcf7-textarea\" aria-invalid=\"false\" placeholder=\"Message\"><\/textarea><\/span>\n  <\/div>\n<div class=\"check-button-group\">\n    <span class=\"wpcf7-form-control-wrap\" data-name=\"checkbox-572\"><span class=\"wpcf7-form-control wpcf7-checkbox wpcf7-validates-as-required form-checkbox\"><span class=\"wpcf7-list-item first last\"><label><input type=\"checkbox\" name=\"checkbox-572[]\" value=\"Sunt de acord cu politica de prelucrare a datelor cu caracter personal\" \/><span class=\"wpcf7-list-item-label\">I agree to the Privacy policy.<\/span><\/label><\/span><\/span><\/span><\/p>\n<div class=\"button-div\"><input type=\"submit\" value=\"SEND MESSAGE\" class=\"wpcf7-form-control has-spinner wpcf7-submit form-button\" \/><\/div>\n<\/div>\n<\/div>\n<div class=\"wpcf7-response-output\" aria-hidden=\"true\"><\/div><input type=\"hidden\" name=\"trp-form-language\" value=\"en\"\/><\/form><\/div>\n<\/div>\n<\/div>\n<\/div>","protected":false},"excerpt":{"rendered":"<p>Suntem aici pentru a r\u0103spunde \u00eentreb\u0103rilor tale +40 729 729 695 contact@optimized.ro Ai nevoie de ofert\u0103 personalizat\u0103 pentru afacerea ta? Contacteaz\u0103-ne.<\/p>","protected":false},"author":1,"featured_media":0,"parent":0,"menu_order":0,"comment_status":"closed","ping_status":"closed","template":"","meta":{"footnotes":""},"class_list":["post-23","page","type-page","status-publish","hentry"],"yoast_head":"<!-- This site is optimized with the Yoast SEO plugin v19.14 - https:\/\/yoast.com\/wordpress\/plugins\/seo\/ -->\n<title>Contact - Bunnyshell Wordpress<\/title>\n<meta name=\"robots\" content=\"index, follow, max-snippet:-1, max-image-preview:large, max-video-preview:-1\" \/>\n<link rel=\"canonical\" href=\"http:\/\/optimized63241cc15f0e8.cloud.bunnyroute.com\/en\/contact\/\" \/>\n<meta property=\"og:locale\" content=\"en_US\" \/>\n<meta property=\"og:type\" content=\"article\" \/>\n<meta property=\"og:title\" content=\"Contact - Bunnyshell Wordpress\" \/>\n<meta property=\"og:description\" content=\"Suntem aici pentru a r\u0103spunde \u00eentreb\u0103rilor tale +40 729 729 695 contact@optimized.ro Ai nevoie de ofert\u0103 personalizat\u0103 pentru afacerea ta? Contacteaz\u0103-ne.\" \/>\n<meta property=\"og:url\" content=\"http:\/\/optimized63241cc15f0e8.cloud.bunnyroute.com\/en\/contact\/\" \/>\n<meta property=\"og:site_name\" content=\"Bunnyshell Wordpress\" \/>\n<meta property=\"article:modified_time\" content=\"2022-12-21T10:36:59+00:00\" \/>\n<meta property=\"og:image\" content=\"https:\/\/optimized63241cc15f0e8.cloud.bunnyroute.com\/wp-content\/uploads\/2022\/10\/Vector-13.png\" \/>\n<meta name=\"twitter:card\" content=\"summary_large_image\" \/>\n<script type=\"application\/ld+json\" class=\"yoast-schema-graph\">{\"@context\":\"https:\/\/schema.org\",\"@graph\":[{\"@type\":\"WebPage\",\"@id\":\"http:\/\/optimized63241cc15f0e8.cloud.bunnyroute.com\/contact\/\",\"url\":\"http:\/\/optimized63241cc15f0e8.cloud.bunnyroute.com\/contact\/\",\"name\":\"Contact - Bunnyshell Wordpress\",\"isPartOf\":{\"@id\":\"http:\/\/optimized63241cc15f0e8.cloud.bunnyroute.com\/en\/#website\"},\"datePublished\":\"2022-09-16T07:56:29+00:00\",\"dateModified\":\"2022-12-21T10:36:59+00:00\",\"breadcrumb\":{\"@id\":\"http:\/\/optimized63241cc15f0e8.cloud.bunnyroute.com\/contact\/#breadcrumb\"},\"inLanguage\":\"en-US\",\"potentialAction\":[{\"@type\":\"ReadAction\",\"target\":[\"http:\/\/optimized63241cc15f0e8.cloud.bunnyroute.com\/contact\/\"]}]},{\"@type\":\"BreadcrumbList\",\"@id\":\"http:\/\/optimized63241cc15f0e8.cloud.bunnyroute.com\/contact\/#breadcrumb\",\"itemListElement\":[{\"@type\":\"ListItem\",\"position\":1,\"name\":\"Home\",\"item\":\"http:\/\/optimized63241cc15f0e8.cloud.bunnyroute.com\/en\/\"},{\"@type\":\"ListItem\",\"position\":2,\"name\":\"Contact\"}]},{\"@type\":\"WebSite\",\"@id\":\"http:\/\/optimized63241cc15f0e8.cloud.bunnyroute.com\/en\/#website\",\"url\":\"http:\/\/optimized63241cc15f0e8.cloud.bunnyroute.com\/en\/\",\"name\":\"Bunnyshell Wordpress\",\"description\":\"Just another WordPress site\",\"publisher\":{\"@id\":\"http:\/\/optimized63241cc15f0e8.cloud.bunnyroute.com\/en\/#organization\"},\"potentialAction\":[{\"@type\":\"SearchAction\",\"target\":{\"@type\":\"EntryPoint\",\"urlTemplate\":\"http:\/\/optimized63241cc15f0e8.cloud.bunnyroute.com\/en\/?s={search_term_string}\"},\"query-input\":\"required name=search_term_string\"}],\"inLanguage\":\"en-US\"},{\"@type\":\"Organization\",\"@id\":\"http:\/\/optimized63241cc15f0e8.cloud.bunnyroute.com\/en\/#organization\",\"name\":\"Bunnyshell Wordpress\",\"url\":\"http:\/\/optimized63241cc15f0e8.cloud.bunnyroute.com\/en\/\",\"logo\":{\"@type\":\"ImageObject\",\"inLanguage\":\"en-US\",\"@id\":\"http:\/\/optimized63241cc15f0e8.cloud.bunnyroute.com\/en\/#\/schema\/logo\/image\/\",\"url\":\"http:\/\/optimized63241cc15f0e8.cloud.bunnyroute.com\/wp-content\/uploads\/2022\/09\/logo-editat-1.png\",\"contentUrl\":\"http:\/\/optimized63241cc15f0e8.cloud.bunnyroute.com\/wp-content\/uploads\/2022\/09\/logo-editat-1.png\",\"width\":147,\"height\":32,\"caption\":\"Bunnyshell Wordpress\"},\"image\":{\"@id\":\"http:\/\/optimized63241cc15f0e8.cloud.bunnyroute.com\/en\/#\/schema\/logo\/image\/\"}}]}<\/script>\n<!-- \/ Yoast SEO plugin. -->","yoast_head_json":{"title":"Contact - Bunnyshell Wordpress","robots":{"index":"index","follow":"follow","max-snippet":"max-snippet:-1","max-image-preview":"max-image-preview:large","max-video-preview":"max-video-preview:-1"},"canonical":"http:\/\/optimized63241cc15f0e8.cloud.bunnyroute.com\/en\/contact\/","og_locale":"en_US","og_type":"article","og_title":"Contact - Bunnyshell Wordpress","og_description":"Suntem aici pentru a r\u0103spunde \u00eentreb\u0103rilor tale +40 729 729 695 contact@optimized.ro Ai nevoie de ofert\u0103 personalizat\u0103 pentru afacerea ta? Contacteaz\u0103-ne.","og_url":"http:\/\/optimized63241cc15f0e8.cloud.bunnyroute.com\/en\/contact\/","og_site_name":"Bunnyshell Wordpress","article_modified_time":"2022-12-21T10:36:59+00:00","og_image":[{"url":"https:\/\/optimized63241cc15f0e8.cloud.bunnyroute.com\/wp-content\/uploads\/2022\/10\/Vector-13.png"}],"twitter_card":"summary_large_image","schema":{"@context":"https:\/\/schema.org","@graph":[{"@type":"WebPage","@id":"http:\/\/optimized63241cc15f0e8.cloud.bunnyroute.com\/contact\/","url":"http:\/\/optimized63241cc15f0e8.cloud.bunnyroute.com\/contact\/","name":"Contact - Bunnyshell Wordpress","isPartOf":{"@id":"http:\/\/optimized63241cc15f0e8.cloud.bunnyroute.com\/en\/#website"},"datePublished":"2022-09-16T07:56:29+00:00","dateModified":"2022-12-21T10:36:59+00:00","breadcrumb":{"@id":"http:\/\/optimized63241cc15f0e8.cloud.bunnyroute.com\/contact\/#breadcrumb"},"inLanguage":"en-US","potentialAction":[{"@type":"ReadAction","target":["http:\/\/optimized63241cc15f0e8.cloud.bunnyroute.com\/contact\/"]}]},{"@type":"BreadcrumbList","@id":"http:\/\/optimized63241cc15f0e8.cloud.bunnyroute.com\/contact\/#breadcrumb","itemListElement":[{"@type":"ListItem","position":1,"name":"Home","item":"http:\/\/optimized63241cc15f0e8.cloud.bunnyroute.com\/en\/"},{"@type":"ListItem","position":2,"name":"Contact"}]},{"@type":"WebSite","@id":"http:\/\/optimized63241cc15f0e8.cloud.bunnyroute.com\/en\/#website","url":"http:\/\/optimized63241cc15f0e8.cloud.bunnyroute.com\/en\/","name":"Bunnyshell Wordpress","description":"Just another WordPress site","publisher":{"@id":"http:\/\/optimized63241cc15f0e8.cloud.bunnyroute.com\/en\/#organization"},"potentialAction":[{"@type":"SearchAction","target":{"@type":"EntryPoint","urlTemplate":"http:\/\/optimized63241cc15f0e8.cloud.bunnyroute.com\/en\/?s={search_term_string}"},"query-input":"required name=search_term_string"}],"inLanguage":"en-US"},{"@type":"Organization","@id":"http:\/\/optimized63241cc15f0e8.cloud.bunnyroute.com\/en\/#organization","name":"Bunnyshell Wordpress","url":"http:\/\/optimized63241cc15f0e8.cloud.bunnyroute.com\/en\/","logo":{"@type":"ImageObject","inLanguage":"en-US","@id":"http:\/\/optimized63241cc15f0e8.cloud.bunnyroute.com\/en\/#\/schema\/logo\/image\/","url":"http:\/\/optimized63241cc15f0e8.cloud.bunnyroute.com\/wp-content\/uploads\/2022\/09\/logo-editat-1.png","contentUrl":"http:\/\/optimized63241cc15f0e8.cloud.bunnyroute.com\/wp-content\/uploads\/2022\/09\/logo-editat-1.png","width":147,"height":32,"caption":"Bunnyshell Wordpress"},"image":{"@id":"http:\/\/optimized63241cc15f0e8.cloud.bunnyroute.com\/en\/#\/schema\/logo\/image\/"}}]}},"_links":{"self":[{"href":"http:\/\/optimized63241cc15f0e8.cloud.bunnyroute.com\/en\/wp-json\/wp\/v2\/pages\/23","targetHints":{"allow":["GET"]}}],"collection":[{"href":"http:\/\/optimized63241cc15f0e8.cloud.bunnyroute.com\/en\/wp-json\/wp\/v2\/pages"}],"about":[{"href":"http:\/\/optimized63241cc15f0e8.cloud.bunnyroute.com\/en\/wp-json\/wp\/v2\/types\/page"}],"author":[{"embeddable":true,"href":"http:\/\/optimized63241cc15f0e8.cloud.bunnyroute.com\/en\/wp-json\/wp\/v2\/users\/1"}],"replies":[{"embeddable":true,"href":"http:\/\/optimized63241cc15f0e8.cloud.bunnyroute.com\/en\/wp-json\/wp\/v2\/comments?post=23"}],"version-history":[{"count":9,"href":"http:\/\/optimized63241cc15f0e8.cloud.bunnyroute.com\/en\/wp-json\/wp\/v2\/pages\/23\/revisions"}],"predecessor-version":[{"id":2389,"href":"http:\/\/optimized63241cc15f0e8.cloud.bunnyroute.com\/en\/wp-json\/wp\/v2\/pages\/23\/revisions\/2389"}],"wp:attachment":[{"href":"http:\/\/optimized63241cc15f0e8.cloud.bunnyroute.com\/en\/wp-json\/wp\/v2\/media?parent=23"}],"curies":[{"name":"wp","href":"https:\/\/api.w.org\/{rel}","templated":true}]}}