{"id":15,"date":"2022-09-16T07:55:53","date_gmt":"2022-09-16T07:55:53","guid":{"rendered":"https:\/\/optimized63241cc15f0e8.cloud.bunnyroute.com\/?page_id=15"},"modified":"2023-01-05T11:29:08","modified_gmt":"2023-01-05T11:29:08","slug":"rezultate","status":"publish","type":"page","link":"https:\/\/optimized63241cc15f0e8.cloud.bunnyroute.com\/en\/rezultate\/","title":{"rendered":"Results"},"content":{"rendered":"<div class=\"wp-block-group full-width-container rezultate-cover is-layout-flow wp-block-group-is-layout-flow\">\n<p class=\"cover-big-title translation-block\">Our clients have gained profitable scaling results by using performance marketing<\/p>\n<\/div>\n\n\n\n<div class=\"wp-block-group basic-container studii-caz-container is-layout-flow wp-block-group-is-layout-flow\">\n<p class=\"white-box-title\">Case studies<\/p>\n\n\n\n<div class=\"wp-block-group studii-de-caz-original is-layout-flow wp-block-group-is-layout-flow\">\n<div class=\"wp-block-columns is-layout-flex wp-container-core-columns-is-layout-28f84493 wp-block-columns-is-layout-flex\">\n<div class=\"wp-block-column is-layout-flow wp-block-column-is-layout-flow\">\n<div class=\"wp-block-group rezultate-big-box is-layout-flow wp-block-group-is-layout-flow\">\n<p class=\"link\"><a href=\"https:\/\/optimized63241cc15f0e8.cloud.bunnyroute.com\/en\/studiu-de-caz-republica-bio\/\" data-type=\"URL\" data-id=\"\/studiu-de-caz-republica-bio\/\">\/en\/studiu-de-caz-republica-bio\/<\/a><\/p>\n\n\n\n<figure class=\"wp-block-image size-full\"><img loading=\"lazy\" decoding=\"async\" width=\"52\" height=\"52\" src=\"https:\/\/optimized63241cc15f0e8.cloud.bunnyroute.com\/wp-content\/uploads\/2022\/10\/Vector-11.png\" alt=\"\" class=\"wp-image-557\"\/><\/figure>\n\n\n\n<p class=\"percentage-big\">+100%<\/p>\n\n\n\n<p class=\"text-block\">YoY transactions<\/p>\n\n\n\n<figure class=\"wp-block-image size-full partner-pic\"><img loading=\"lazy\" decoding=\"async\" width=\"195\" height=\"87\" src=\"http:\/\/optimized63241cc15f0e8.cloud.bunnyroute.com\/wp-content\/uploads\/2022\/10\/3-1.png\" alt=\"\" class=\"wp-image-190\"\/><\/figure>\n\n\n\n<p class=\"box-subtitle\">\u201eThe overall achieved results have determined us to further continue our path, as we are confident enough to believe that what has started from a true passion can be transformed in a valuable service for the people.\u201d<\/p>\n<\/div>\n<\/div>\n\n\n\n<div class=\"wp-block-column is-layout-flow wp-block-column-is-layout-flow\">\n<div class=\"wp-block-group rezultate-medium-box is-layout-flow wp-block-group-is-layout-flow\">\n<div class=\"wp-block-group rezultate-medium-box-column is-layout-flow wp-block-group-is-layout-flow\">\n<figure class=\"wp-block-image size-full\"><img loading=\"lazy\" decoding=\"async\" width=\"30\" height=\"30\" src=\"https:\/\/optimized63241cc15f0e8.cloud.bunnyroute.com\/wp-content\/uploads\/2022\/10\/Vector-12.png\" alt=\"\" class=\"wp-image-558\"\/><\/figure>\n\n\n\n<p class=\"percentage-small\">+91,3%<\/p>\n\n\n\n<p class=\"green-box-info\">YoY transactions<\/p>\n\n\n\n<figure class=\"wp-block-image size-full partner-pic\"><img loading=\"lazy\" decoding=\"async\" width=\"128\" height=\"58\" src=\"http:\/\/optimized63241cc15f0e8.cloud.bunnyroute.com\/wp-content\/uploads\/2022\/10\/2-23-1.png\" alt=\"\" class=\"wp-image-331\"\/><\/figure>\n<\/div>\n\n\n\n<div class=\"wp-block-group rezultate-medium-box-column is-layout-flow wp-block-group-is-layout-flow\">\n<p class=\"white-box-info\">\u201e\u00cen Optimized am g\u0103sit un partener de \u00eencredere, care ne-a \u00een\u021beles business-ul \u0219i obiectivele, transpuse ulterior \u00een campaniile PPC.\u201d<\/p>\n<\/div>\n<\/div>\n\n\n\n<div class=\"wp-block-group rezultate-small-box-parent is-layout-flow wp-block-group-is-layout-flow\">\n<div class=\"wp-block-group rezultate-small-box is-layout-flow wp-block-group-is-layout-flow\">\n<figure class=\"wp-block-image size-full\"><img loading=\"lazy\" decoding=\"async\" width=\"30\" height=\"30\" src=\"http:\/\/optimized63241cc15f0e8.cloud.bunnyroute.com\/wp-content\/uploads\/2022\/10\/Vector-12.png\" alt=\"\" class=\"wp-image-558\"\/><\/figure>\n\n\n\n<p class=\"percentage-small\">+61%<\/p>\n\n\n\n<p class=\"strategie-basic-info\">YoY transactions<\/p>\n\n\n\n<figure class=\"wp-block-image size-full partner-pic\"><img loading=\"lazy\" decoding=\"async\" width=\"150\" height=\"80\" src=\"http:\/\/optimized63241cc15f0e8.cloud.bunnyroute.com\/wp-content\/uploads\/2022\/10\/9-1-1.png\" alt=\"\" class=\"wp-image-333\"\/><\/figure>\n\n\n\n<p class=\"rezultate-small-text\">\u201eWorking with Optimized over the past four years has helped us grow our visibility and has even given us the opportunity to display new products, which are meant to improve our customers\u2019 body image, confidence, and self-esteem.\u201d<\/p>\n<\/div>\n\n\n\n<div class=\"wp-block-group rezultate-small-box is-layout-flow wp-block-group-is-layout-flow\">\n<figure class=\"wp-block-image size-full\"><img loading=\"lazy\" decoding=\"async\" width=\"30\" height=\"30\" src=\"http:\/\/optimized63241cc15f0e8.cloud.bunnyroute.com\/wp-content\/uploads\/2022\/10\/Vector-12.png\" alt=\"\" class=\"wp-image-558\"\/><\/figure>\n\n\n\n<p class=\"percentage-small\">+52%<\/p>\n\n\n\n<p class=\"strategie-basic-info\">YoY transactions<\/p>\n\n\n\n<figure class=\"wp-block-image size-full partner-pic\"><img loading=\"lazy\" decoding=\"async\" width=\"174\" height=\"38\" src=\"http:\/\/optimized63241cc15f0e8.cloud.bunnyroute.com\/wp-content\/uploads\/2022\/10\/4-1-1.png\" alt=\"\" class=\"wp-image-332\"\/><\/figure>\n\n\n\n<p class=\"rezultate-small-text\">\u201eCu ajutorul agen\u021biei Optimized, a strategiilor de marketing implementate, am ajuns an de an la un public numeros, c\u0103ruia i-am oferit produsele noastre, realizate la fabrica noastr\u0103 din Bucovina.\u201d<\/p>\n<\/div>\n<\/div>\n<\/div>\n<\/div>\n<\/div>\n\n\n\n<div class=\"wp-block-group studii-de-caz-custom is-layout-flow wp-block-group-is-layout-flow\">\n<div class=\"wp-block-columns is-layout-flex wp-container-core-columns-is-layout-28f84493 wp-block-columns-is-layout-flex\">\n<div class=\"wp-block-column is-layout-flow wp-block-column-is-layout-flow\">\n<div class=\"wp-block-group rezultate-big-box is-layout-flow wp-block-group-is-layout-flow\">\n<p class=\"link\"><a href=\"https:\/\/optimized63241cc15f0e8.cloud.bunnyroute.com\/en\/studiu-de-caz-republica-bio\/\" data-type=\"URL\" data-id=\"\/studiu-de-caz-republica-bio\/\">\/en\/studiu-de-caz-republica-bio\/<\/a><\/p>\n\n\n\n<figure class=\"wp-block-image size-full\"><img loading=\"lazy\" decoding=\"async\" width=\"52\" height=\"52\" src=\"https:\/\/optimized63241cc15f0e8.cloud.bunnyroute.com\/wp-content\/uploads\/2022\/10\/Vector-11.png\" alt=\"\" class=\"wp-image-557\"\/><\/figure>\n\n\n\n<p class=\"percentage-big\">+100%<\/p>\n\n\n\n<p class=\"text-block\">YoY transactions<\/p>\n\n\n\n<figure class=\"wp-block-image size-full partner-pic\"><img loading=\"lazy\" decoding=\"async\" width=\"195\" height=\"87\" src=\"http:\/\/optimized63241cc15f0e8.cloud.bunnyroute.com\/wp-content\/uploads\/2022\/10\/3-1.png\" alt=\"\" class=\"wp-image-190\"\/><\/figure>\n\n\n\n<p class=\"box-subtitle\">\u201eThe overall achieved results have determined us to further continue our path, as we are confident enough to believe that what has started from a true passion can be transformed in a valuable service for the people.\u201d<\/p>\n<\/div>\n<\/div>\n\n\n\n<div class=\"wp-block-column is-layout-flow wp-block-column-is-layout-flow\">\n<div class=\"wp-block-group rezultate-big-box sevensins is-layout-flow wp-block-group-is-layout-flow\">\n<p class=\"link\"><a href=\"https:\/\/optimized63241cc15f0e8.cloud.bunnyroute.com\/en\/studiu-de-caz-sevensins\/\" data-type=\"URL\" data-id=\"\/studiu-de-caz-sevensins\/\">\/en\/studiu-de-caz-sevensins\/<\/a><\/p>\n\n\n\n<figure class=\"wp-block-image size-full\"><img loading=\"lazy\" decoding=\"async\" width=\"52\" height=\"52\" src=\"https:\/\/optimized63241cc15f0e8.cloud.bunnyroute.com\/wp-content\/uploads\/2022\/10\/Vector-11.png\" alt=\"\" class=\"wp-image-557\"\/><\/figure>\n\n\n\n<p class=\"percentage-big\">+61%<\/p>\n\n\n\n<p class=\"text-block\">YoY transactions<\/p>\n\n\n\n<figure class=\"wp-block-image size-full partner-pic\"><img loading=\"lazy\" decoding=\"async\" width=\"149\" height=\"79\" src=\"http:\/\/optimized63241cc15f0e8.cloud.bunnyroute.com\/wp-content\/uploads\/2022\/11\/9-3.png\" alt=\"\" class=\"wp-image-667\"\/><\/figure>\n\n\n\n<p class=\"box-subtitle\">\u201eWorking with Optimized over the past four years has helped us grow our visibility and has even given us the opportunity to display new products, which are meant to improve our customers\u2019 body image, confidence, and self-esteem.\u201d<\/p>\n<\/div>\n<\/div>\n<\/div>\n<\/div>\n<\/div>\n\n\n\n<div class=\"wp-block-group basic-container rezultate-customers-container is-vertical is-content-justification-center is-nowrap is-layout-flex wp-container-core-group-is-layout-54be60bd wp-block-group-is-layout-flex\">\n<p class=\"white-box-title\">Our clients<\/p>\n\n\n\n<div class=\"wp-block-columns rezultate-customer-columns is-layout-flex wp-container-core-columns-is-layout-28f84493 wp-block-columns-is-layout-flex\">\n<div class=\"wp-block-column is-layout-flow wp-block-column-is-layout-flow\">\n<div class=\"wp-block-group rezultate-customer-row is-nowrap is-layout-flex wp-container-core-group-is-layout-6c531013 wp-block-group-is-layout-flex\">\n<figure class=\"wp-block-image size-full carrefour-img\"><img loading=\"lazy\" decoding=\"async\" width=\"130\" height=\"29\" src=\"http:\/\/optimized63241cc15f0e8.cloud.bunnyroute.com\/wp-content\/uploads\/2022\/11\/IVECO_2-1-1.png\" alt=\"\" class=\"wp-image-804\"\/><\/figure>\n\n\n\n<figure class=\"wp-block-image size-full pc-img\"><img loading=\"lazy\" decoding=\"async\" width=\"128\" height=\"58\" src=\"http:\/\/optimized63241cc15f0e8.cloud.bunnyroute.com\/wp-content\/uploads\/2022\/10\/2-23.png\" alt=\"\" class=\"wp-image-185\"\/><\/figure>\n<\/div>\n\n\n\n<div class=\"wp-block-group rezultate-customer-row is-nowrap is-layout-flex wp-container-core-group-is-layout-6c531013 wp-block-group-is-layout-flex\">\n<figure class=\"wp-block-image size-full\"><img loading=\"lazy\" decoding=\"async\" width=\"157\" height=\"107\" src=\"http:\/\/optimized63241cc15f0e8.cloud.bunnyroute.com\/wp-content\/uploads\/2022\/10\/6-205270307.png\" alt=\"\" class=\"wp-image-188\"\/><\/figure>\n\n\n\n<figure class=\"wp-block-image size-full\"><img loading=\"lazy\" decoding=\"async\" width=\"162\" height=\"55\" src=\"http:\/\/optimized63241cc15f0e8.cloud.bunnyroute.com\/wp-content\/uploads\/2022\/10\/Layer-1-1.png\" alt=\"\" class=\"wp-image-189\"\/><\/figure>\n<\/div>\n\n\n\n<div class=\"wp-block-group rezultate-customer-row is-nowrap is-layout-flex wp-container-core-group-is-layout-6c531013 wp-block-group-is-layout-flex\">\n<figure class=\"wp-block-image size-full nn-img\"><img loading=\"lazy\" decoding=\"async\" width=\"141\" height=\"79\" src=\"http:\/\/optimized63241cc15f0e8.cloud.bunnyroute.com\/wp-content\/uploads\/2022\/10\/8-1.png\" alt=\"\" class=\"wp-image-192\"\/><\/figure>\n\n\n\n<figure class=\"wp-block-image size-full\"><img loading=\"lazy\" decoding=\"async\" width=\"185\" height=\"64\" src=\"http:\/\/optimized63241cc15f0e8.cloud.bunnyroute.com\/wp-content\/uploads\/2022\/10\/10-1.png\" alt=\"\" class=\"wp-image-193\"\/><\/figure>\n<\/div>\n<\/div>\n\n\n\n<div class=\"wp-block-column is-layout-flow wp-block-column-is-layout-flow\">\n<div class=\"wp-block-group rezultate-customer-row is-nowrap is-layout-flex wp-container-core-group-is-layout-6c531013 wp-block-group-is-layout-flex\">\n<figure class=\"wp-block-image size-full\"><img loading=\"lazy\" decoding=\"async\" width=\"174\" height=\"38\" src=\"http:\/\/optimized63241cc15f0e8.cloud.bunnyroute.com\/wp-content\/uploads\/2022\/10\/4-1.png\" alt=\"\" class=\"wp-image-186\"\/><\/figure>\n\n\n\n<figure class=\"wp-block-image size-full dent-img\"><img loading=\"lazy\" decoding=\"async\" width=\"159\" height=\"69\" src=\"http:\/\/optimized63241cc15f0e8.cloud.bunnyroute.com\/wp-content\/uploads\/2022\/10\/5-1.png\" alt=\"\" class=\"wp-image-187\"\/><\/figure>\n<\/div>\n\n\n\n<div class=\"wp-block-group rezultate-customer-row is-nowrap is-layout-flex wp-container-core-group-is-layout-6c531013 wp-block-group-is-layout-flex\">\n<figure class=\"wp-block-image size-full\"><img loading=\"lazy\" decoding=\"async\" width=\"195\" height=\"87\" src=\"http:\/\/optimized63241cc15f0e8.cloud.bunnyroute.com\/wp-content\/uploads\/2022\/10\/3-1.png\" alt=\"\" class=\"wp-image-190\"\/><\/figure>\n\n\n\n<figure class=\"wp-block-image size-full\"><img loading=\"lazy\" decoding=\"async\" width=\"167\" height=\"47\" src=\"http:\/\/optimized63241cc15f0e8.cloud.bunnyroute.com\/wp-content\/uploads\/2022\/10\/7-1.png\" alt=\"\" class=\"wp-image-191\"\/><\/figure>\n<\/div>\n\n\n\n<div class=\"wp-block-group rezultate-customer-row is-nowrap is-layout-flex wp-container-core-group-is-layout-6c531013 wp-block-group-is-layout-flex\">\n<figure class=\"wp-block-image size-full seven-img\"><img loading=\"lazy\" decoding=\"async\" width=\"150\" height=\"80\" src=\"http:\/\/optimized63241cc15f0e8.cloud.bunnyroute.com\/wp-content\/uploads\/2022\/10\/9-1.png\" alt=\"\" class=\"wp-image-194\"\/><\/figure>\n\n\n\n<figure class=\"wp-block-image size-full unelte-img\"><img loading=\"lazy\" decoding=\"async\" width=\"203\" height=\"58\" src=\"http:\/\/optimized63241cc15f0e8.cloud.bunnyroute.com\/wp-content\/uploads\/2022\/10\/12-1.png\" alt=\"\" class=\"wp-image-195\"\/><\/figure>\n<\/div>\n<\/div>\n<\/div>\n<\/div>\n\n\n\n<div class=\"wp-block-group full-width-container reusable-footer-container second is-layout-flow wp-block-group-is-layout-flow\">\n<div class=\"wp-block-group reusable-footer-group is-layout-flow wp-block-group-is-layout-flow\">\n<figure class=\"wp-block-image size-full\"><img loading=\"lazy\" decoding=\"async\" width=\"1000\" height=\"897\" src=\"http:\/\/optimized63241cc15f0e8.cloud.bunnyroute.com\/wp-content\/uploads\/2022\/12\/POZA-1-5.png\" alt=\"\" class=\"wp-image-1421\" srcset=\"https:\/\/optimized63241cc15f0e8.cloud.bunnyroute.com\/wp-content\/uploads\/2022\/12\/POZA-1-5.png 1000w, https:\/\/optimized63241cc15f0e8.cloud.bunnyroute.com\/wp-content\/uploads\/2022\/12\/POZA-1-5-300x269.png 300w, https:\/\/optimized63241cc15f0e8.cloud.bunnyroute.com\/wp-content\/uploads\/2022\/12\/POZA-1-5-768x689.png 768w\" sizes=\"auto, (max-width: 1000px) 100vw, 1000px\" \/><\/figure>\n\n\n\n<div class=\"wp-block-group white-box-block animated fadeIn delay-200ms is-layout-flow wp-block-group-is-layout-flow\">\n<p class=\"basic-title\" style=\"font-size:60px\">Become our next success story!<\/p>\n\n\n\n<p class=\"reusable-block-text\" style=\"font-size:30px\">Contact us to talk about the best possible solutions for growing your business.<\/p>\n\n\n\n<div class=\"wp-block-buttons is-layout-flex wp-block-buttons-is-layout-flex\">\n<div class=\"wp-block-button white-box-button optimized-button\"><a class=\"wp-block-button__link wp-element-button\" href=\"https:\/\/optimized63241cc15f0e8.cloud.bunnyroute.com\/en\/contact\/\">CONTACT US!<\/a><\/div>\n<\/div>\n<\/div>\n<\/div>\n<\/div>","protected":false},"excerpt":{"rendered":"<p>Clien\u021bii no\u0219tri scaleaz\u0103 profitabilcu performance marketing Studii de caz selectate \/studiu-de-caz-republica-bio\/ +100% Num\u0103r de tranzac\u021bii YoY \u201eRezultatele \u00eenregistrate p\u00e2n\u0103 acum ne determin\u0103 \u0219i ne d\u0103 \u00eencredere c\u0103 ce-am pornit din pasiune poate fi de un real ajutor at\u00e2t de multor oameni\u201d. +91,3% Num\u0103r de tranzac\u021bii YoY \u201e\u00cen Optimized am g\u0103sit un partener de \u00eencredere, care [&hellip;]<\/p>","protected":false},"author":1,"featured_media":0,"parent":0,"menu_order":0,"comment_status":"closed","ping_status":"closed","template":"","meta":{"footnotes":""},"class_list":["post-15","page","type-page","status-publish","hentry"],"yoast_head":"<!-- This site is optimized with the Yoast SEO plugin v19.14 - https:\/\/yoast.com\/wordpress\/plugins\/seo\/ -->\n<title>Rezultate - Bunnyshell Wordpress<\/title>\n<meta name=\"robots\" content=\"index, follow, max-snippet:-1, max-image-preview:large, max-video-preview:-1\" \/>\n<link rel=\"canonical\" href=\"https:\/\/optimized63241cc15f0e8.cloud.bunnyroute.com\/en\/rezultate\/\" \/>\n<meta property=\"og:locale\" content=\"en_US\" \/>\n<meta property=\"og:type\" content=\"article\" \/>\n<meta property=\"og:title\" content=\"Rezultate - Bunnyshell Wordpress\" \/>\n<meta property=\"og:description\" content=\"Clien\u021bii no\u0219tri scaleaz\u0103 profitabilcu performance marketing Studii de caz selectate \/studiu-de-caz-republica-bio\/ +100% Num\u0103r de tranzac\u021bii YoY \u201eRezultatele \u00eenregistrate p\u00e2n\u0103 acum ne determin\u0103 \u0219i ne d\u0103 \u00eencredere c\u0103 ce-am pornit din pasiune poate fi de un real ajutor at\u00e2t de multor oameni\u201d. +91,3% Num\u0103r de tranzac\u021bii YoY \u201e\u00cen Optimized am g\u0103sit un partener de \u00eencredere, care [&hellip;]\" \/>\n<meta property=\"og:url\" content=\"https:\/\/optimized63241cc15f0e8.cloud.bunnyroute.com\/en\/rezultate\/\" \/>\n<meta property=\"og:site_name\" content=\"Bunnyshell Wordpress\" \/>\n<meta property=\"article:modified_time\" content=\"2023-01-05T11:29:08+00:00\" \/>\n<meta property=\"og:image\" content=\"https:\/\/optimized63241cc15f0e8.cloud.bunnyroute.com\/wp-content\/uploads\/2022\/10\/Vector-11.png\" \/>\n<meta name=\"twitter:card\" content=\"summary_large_image\" \/>\n<meta name=\"twitter:label1\" content=\"Est. reading time\" \/>\n\t<meta name=\"twitter:data1\" content=\"1 minute\" \/>\n<script type=\"application\/ld+json\" class=\"yoast-schema-graph\">{\"@context\":\"https:\/\/schema.org\",\"@graph\":[{\"@type\":\"WebPage\",\"@id\":\"https:\/\/optimized63241cc15f0e8.cloud.bunnyroute.com\/en\/rezultate\/\",\"url\":\"https:\/\/optimized63241cc15f0e8.cloud.bunnyroute.com\/en\/rezultate\/\",\"name\":\"Rezultate - Bunnyshell Wordpress\",\"isPartOf\":{\"@id\":\"http:\/\/optimized63241cc15f0e8.cloud.bunnyroute.com\/#website\"},\"datePublished\":\"2022-09-16T07:55:53+00:00\",\"dateModified\":\"2023-01-05T11:29:08+00:00\",\"breadcrumb\":{\"@id\":\"https:\/\/optimized63241cc15f0e8.cloud.bunnyroute.com\/en\/rezultate\/#breadcrumb\"},\"inLanguage\":\"en-US\",\"potentialAction\":[{\"@type\":\"ReadAction\",\"target\":[\"https:\/\/optimized63241cc15f0e8.cloud.bunnyroute.com\/en\/rezultate\/\"]}]},{\"@type\":\"BreadcrumbList\",\"@id\":\"https:\/\/optimized63241cc15f0e8.cloud.bunnyroute.com\/en\/rezultate\/#breadcrumb\",\"itemListElement\":[{\"@type\":\"ListItem\",\"position\":1,\"name\":\"Home\",\"item\":\"https:\/\/optimized63241cc15f0e8.cloud.bunnyroute.com\/\"},{\"@type\":\"ListItem\",\"position\":2,\"name\":\"Rezultate\"}]},{\"@type\":\"WebSite\",\"@id\":\"http:\/\/optimized63241cc15f0e8.cloud.bunnyroute.com\/#website\",\"url\":\"http:\/\/optimized63241cc15f0e8.cloud.bunnyroute.com\/\",\"name\":\"Bunnyshell Wordpress\",\"description\":\"Just another WordPress site\",\"publisher\":{\"@id\":\"http:\/\/optimized63241cc15f0e8.cloud.bunnyroute.com\/#organization\"},\"potentialAction\":[{\"@type\":\"SearchAction\",\"target\":{\"@type\":\"EntryPoint\",\"urlTemplate\":\"http:\/\/optimized63241cc15f0e8.cloud.bunnyroute.com\/?s={search_term_string}\"},\"query-input\":\"required name=search_term_string\"}],\"inLanguage\":\"en-US\"},{\"@type\":\"Organization\",\"@id\":\"http:\/\/optimized63241cc15f0e8.cloud.bunnyroute.com\/#organization\",\"name\":\"Bunnyshell Wordpress\",\"url\":\"http:\/\/optimized63241cc15f0e8.cloud.bunnyroute.com\/\",\"logo\":{\"@type\":\"ImageObject\",\"inLanguage\":\"en-US\",\"@id\":\"http:\/\/optimized63241cc15f0e8.cloud.bunnyroute.com\/#\/schema\/logo\/image\/\",\"url\":\"https:\/\/optimized63241cc15f0e8.cloud.bunnyroute.com\/wp-content\/uploads\/2022\/09\/logo-editat-1.png\",\"contentUrl\":\"https:\/\/optimized63241cc15f0e8.cloud.bunnyroute.com\/wp-content\/uploads\/2022\/09\/logo-editat-1.png\",\"width\":147,\"height\":32,\"caption\":\"Bunnyshell Wordpress\"},\"image\":{\"@id\":\"http:\/\/optimized63241cc15f0e8.cloud.bunnyroute.com\/#\/schema\/logo\/image\/\"}}]}<\/script>\n<!-- \/ Yoast SEO plugin. -->","yoast_head_json":{"title":"Rezultate - Bunnyshell Wordpress","robots":{"index":"index","follow":"follow","max-snippet":"max-snippet:-1","max-image-preview":"max-image-preview:large","max-video-preview":"max-video-preview:-1"},"canonical":"https:\/\/optimized63241cc15f0e8.cloud.bunnyroute.com\/en\/rezultate\/","og_locale":"en_US","og_type":"article","og_title":"Rezultate - Bunnyshell Wordpress","og_description":"Clien\u021bii no\u0219tri scaleaz\u0103 profitabilcu performance marketing Studii de caz selectate \/studiu-de-caz-republica-bio\/ +100% Num\u0103r de tranzac\u021bii YoY \u201eRezultatele \u00eenregistrate p\u00e2n\u0103 acum ne determin\u0103 \u0219i ne d\u0103 \u00eencredere c\u0103 ce-am pornit din pasiune poate fi de un real ajutor at\u00e2t de multor oameni\u201d. +91,3% Num\u0103r de tranzac\u021bii YoY \u201e\u00cen Optimized am g\u0103sit un partener de \u00eencredere, care [&hellip;]","og_url":"https:\/\/optimized63241cc15f0e8.cloud.bunnyroute.com\/en\/rezultate\/","og_site_name":"Bunnyshell Wordpress","article_modified_time":"2023-01-05T11:29:08+00:00","og_image":[{"url":"https:\/\/optimized63241cc15f0e8.cloud.bunnyroute.com\/wp-content\/uploads\/2022\/10\/Vector-11.png"}],"twitter_card":"summary_large_image","twitter_misc":{"Est. reading time":"1 minute"},"schema":{"@context":"https:\/\/schema.org","@graph":[{"@type":"WebPage","@id":"https:\/\/optimized63241cc15f0e8.cloud.bunnyroute.com\/en\/rezultate\/","url":"https:\/\/optimized63241cc15f0e8.cloud.bunnyroute.com\/en\/rezultate\/","name":"Rezultate - Bunnyshell Wordpress","isPartOf":{"@id":"http:\/\/optimized63241cc15f0e8.cloud.bunnyroute.com\/#website"},"datePublished":"2022-09-16T07:55:53+00:00","dateModified":"2023-01-05T11:29:08+00:00","breadcrumb":{"@id":"https:\/\/optimized63241cc15f0e8.cloud.bunnyroute.com\/en\/rezultate\/#breadcrumb"},"inLanguage":"en-US","potentialAction":[{"@type":"ReadAction","target":["https:\/\/optimized63241cc15f0e8.cloud.bunnyroute.com\/en\/rezultate\/"]}]},{"@type":"BreadcrumbList","@id":"https:\/\/optimized63241cc15f0e8.cloud.bunnyroute.com\/en\/rezultate\/#breadcrumb","itemListElement":[{"@type":"ListItem","position":1,"name":"Home","item":"https:\/\/optimized63241cc15f0e8.cloud.bunnyroute.com\/"},{"@type":"ListItem","position":2,"name":"Rezultate"}]},{"@type":"WebSite","@id":"http:\/\/optimized63241cc15f0e8.cloud.bunnyroute.com\/#website","url":"http:\/\/optimized63241cc15f0e8.cloud.bunnyroute.com\/","name":"Bunnyshell Wordpress","description":"Just another WordPress site","publisher":{"@id":"http:\/\/optimized63241cc15f0e8.cloud.bunnyroute.com\/#organization"},"potentialAction":[{"@type":"SearchAction","target":{"@type":"EntryPoint","urlTemplate":"http:\/\/optimized63241cc15f0e8.cloud.bunnyroute.com\/?s={search_term_string}"},"query-input":"required name=search_term_string"}],"inLanguage":"en-US"},{"@type":"Organization","@id":"http:\/\/optimized63241cc15f0e8.cloud.bunnyroute.com\/#organization","name":"Bunnyshell Wordpress","url":"http:\/\/optimized63241cc15f0e8.cloud.bunnyroute.com\/","logo":{"@type":"ImageObject","inLanguage":"en-US","@id":"http:\/\/optimized63241cc15f0e8.cloud.bunnyroute.com\/#\/schema\/logo\/image\/","url":"https:\/\/optimized63241cc15f0e8.cloud.bunnyroute.com\/wp-content\/uploads\/2022\/09\/logo-editat-1.png","contentUrl":"https:\/\/optimized63241cc15f0e8.cloud.bunnyroute.com\/wp-content\/uploads\/2022\/09\/logo-editat-1.png","width":147,"height":32,"caption":"Bunnyshell Wordpress"},"image":{"@id":"http:\/\/optimized63241cc15f0e8.cloud.bunnyroute.com\/#\/schema\/logo\/image\/"}}]}},"_links":{"self":[{"href":"https:\/\/optimized63241cc15f0e8.cloud.bunnyroute.com\/en\/wp-json\/wp\/v2\/pages\/15","targetHints":{"allow":["GET"]}}],"collection":[{"href":"https:\/\/optimized63241cc15f0e8.cloud.bunnyroute.com\/en\/wp-json\/wp\/v2\/pages"}],"about":[{"href":"https:\/\/optimized63241cc15f0e8.cloud.bunnyroute.com\/en\/wp-json\/wp\/v2\/types\/page"}],"author":[{"embeddable":true,"href":"https:\/\/optimized63241cc15f0e8.cloud.bunnyroute.com\/en\/wp-json\/wp\/v2\/users\/1"}],"replies":[{"embeddable":true,"href":"https:\/\/optimized63241cc15f0e8.cloud.bunnyroute.com\/en\/wp-json\/wp\/v2\/comments?post=15"}],"version-history":[{"count":55,"href":"https:\/\/optimized63241cc15f0e8.cloud.bunnyroute.com\/en\/wp-json\/wp\/v2\/pages\/15\/revisions"}],"predecessor-version":[{"id":2512,"href":"https:\/\/optimized63241cc15f0e8.cloud.bunnyroute.com\/en\/wp-json\/wp\/v2\/pages\/15\/revisions\/2512"}],"wp:attachment":[{"href":"https:\/\/optimized63241cc15f0e8.cloud.bunnyroute.com\/en\/wp-json\/wp\/v2\/media?parent=15"}],"curies":[{"name":"wp","href":"https:\/\/api.w.org\/{rel}","templated":true}]}}